{"id":3779,"date":"2019-06-25T07:07:10","date_gmt":"2019-06-25T07:07:10","guid":{"rendered":"https:\/\/latitudtango.com\/?page_id=3779"},"modified":"2019-06-25T07:32:17","modified_gmt":"2019-06-25T07:32:17","slug":"emiliano-roca","status":"publish","type":"page","link":"https:\/\/latitudtango.com\/es\/emiliano-roca\/","title":{"rendered":"Emiliano Roca"},"content":{"rendered":"<div id=\"pl-3779\"  class=\"panel-layout\" ><div id=\"pg-3779-0\"  class=\"panel-grid panel-no-style\" ><div id=\"pgc-3779-0-0\"  class=\"panel-grid-cell\" ><div><div class=\"tx-heading\" style=\"margin-bottom:16px; text-align: left;\"><h2 class=\"tx-heading-tag\" style=\"font-size:32px;\">Emiliano Roca<\/h2><\/div><\/div><\/div><\/div><div id=\"pg-3779-1\"  class=\"panel-grid panel-no-style\" ><div id=\"pgc-3779-1-0\"  class=\"panel-grid-cell\" ><div id=\"panel-3779-1-0-0\" class=\"so-panel widget widget_sow-image panel-first-child panel-last-child\" data-index=\"1\" ><div\n\t\t\t\n\t\t\tclass=\"so-widget-sow-image so-widget-sow-image-default-8b5b6f678277-3779\"\n\t\t\t\n\t\t>\n<div class=\"sow-image-container\">\n\t\t<img \n\tsrc=\"https:\/\/latitudtango.com\/wp-content\/uploads\/2019\/06\/DSC5842.jpg\" width=\"1280\" height=\"907\" srcset=\"https:\/\/latitudtango.com\/wp-content\/uploads\/2019\/06\/DSC5842.jpg 1280w, https:\/\/latitudtango.com\/wp-content\/uploads\/2019\/06\/DSC5842-300x213.jpg 300w, https:\/\/latitudtango.com\/wp-content\/uploads\/2019\/06\/DSC5842-768x544.jpg 768w, https:\/\/latitudtango.com\/wp-content\/uploads\/2019\/06\/DSC5842-1024x726.jpg 1024w\" sizes=\"(max-width: 1280px) 100vw, 1280px\" title=\"_DSC5842\" alt=\"\" \t\tclass=\"so-widget-image\"\/>\n\t<\/div>\n\n<\/div><\/div><\/div><div id=\"pgc-3779-1-1\"  class=\"panel-grid-cell\" ><div id=\"panel-3779-1-1-0\" class=\"so-panel widget widget_sow-editor panel-first-child panel-last-child\" data-index=\"2\" ><div\n\t\t\t\n\t\t\tclass=\"so-widget-sow-editor so-widget-sow-editor-base\"\n\t\t\t\n\t\t>\n<div class=\"siteorigin-widget-tinymce textwidget\">\n\t<h4>Contrabajista y Lutier<\/h4>\n<p>Nacido en Buenos Aires en 1982. Inicia sus estudios de m\u00fasica en el conservatorio Profesional de Terrassa con el maestro Jonathan Camps. Durante esta \u00e9poca participa en numerosos cursos y clases magistrales de algunos de los m\u00e1s importantes contrabajistas del panorama internacional y colabora en diversas orquestas juveniles y semi-profesionales.<br \/>\nParalelamente enfoca su inter\u00e9s hacia el tango, g\u00e9nero que estudia en profundidad con Andr\u00e9s Serafini y participando en los a\u00f1os de formaci\u00f3n de la Orquesta Escuela de Barcelona.<br \/>\nDesde los inicios de su carrera profesional, visita diversos paises con formaciones de gran calidad. Pronto comparte escenario con reconocidos m\u00fasicos del tango afincados en Europa y Argentina como Marcelo Mercadante, Jorge Retamoza, Gustavo Battaglia, Franco Luciani, Juan E. Cuacci, por citar algunos, presentandose en los m\u00e1s prestigiosos escenarios de Europa, festivales y milongas y realizando grabaciones. Desde el 2009 es miembro fijo del Quinteto de Marcelo Mercadante y tambi\u00e9n del grupo Exilio New Tango.<br \/>\nEn 2013 motivado por sus intereses en construcci\u00f3n y reparaci\u00f3n de instrumentos de cuerda, obtiene el t\u00edtulo en la escuela Bele de Luther\u00eda de Bilbao. Compagina estas dos actividades de manera professional y toca con un contrabajo de construcci\u00f3n propia.<\/p>\n<p><a href=\"http:\/\/espaideluteria.blogspot.com.es\">http:\/\/espaideluteria.blogspot.com.es<\/a><\/p>\n<\/div>\n<\/div><\/div><\/div><\/div><\/div>","protected":false},"excerpt":{"rendered":"<p>Contrabajista y Lutier Nacido en Buenos Aires en 1982. Inicia sus estudios de m\u00fasica en el conservatorio Profesional de Terrassa con el maestro Jonathan Camps. Durante esta \u00e9poca participa en numerosos cursos<\/p>\n<a class=\"moretag noptoppad\" href=\"https:\/\/latitudtango.com\/es\/emiliano-roca\/\">Read More...<\/a>","protected":false},"author":1,"featured_media":0,"parent":0,"menu_order":0,"comment_status":"closed","ping_status":"closed","template":"","meta":{"ngg_post_thumbnail":0,"footnotes":""},"_links":{"self":[{"href":"https:\/\/latitudtango.com\/es\/wp-json\/wp\/v2\/pages\/3779"}],"collection":[{"href":"https:\/\/latitudtango.com\/es\/wp-json\/wp\/v2\/pages"}],"about":[{"href":"https:\/\/latitudtango.com\/es\/wp-json\/wp\/v2\/types\/page"}],"author":[{"embeddable":true,"href":"https:\/\/latitudtango.com\/es\/wp-json\/wp\/v2\/users\/1"}],"replies":[{"embeddable":true,"href":"https:\/\/latitudtango.com\/es\/wp-json\/wp\/v2\/comments?post=3779"}],"version-history":[{"count":16,"href":"https:\/\/latitudtango.com\/es\/wp-json\/wp\/v2\/pages\/3779\/revisions"}],"predecessor-version":[{"id":3801,"href":"https:\/\/latitudtango.com\/es\/wp-json\/wp\/v2\/pages\/3779\/revisions\/3801"}],"wp:attachment":[{"href":"https:\/\/latitudtango.com\/es\/wp-json\/wp\/v2\/media?parent=3779"}],"curies":[{"name":"wp","href":"https:\/\/api.w.org\/{rel}","templated":true}]}}