{"id":3711,"date":"2019-04-22T10:21:58","date_gmt":"2019-04-22T10:21:58","guid":{"rendered":"https:\/\/latitudtango.com\/es\/?page_id=3711"},"modified":"2019-06-25T07:30:45","modified_gmt":"2019-06-25T07:30:45","slug":"irene-aisemberg","status":"publish","type":"page","link":"https:\/\/latitudtango.com\/es\/irene-aisemberg\/","title":{"rendered":"Irene Aisemberg"},"content":{"rendered":"<div id=\"pl-3711\"  class=\"panel-layout\" ><div id=\"pg-3711-0\"  class=\"panel-grid panel-has-style\" ><div id=\"fernando-maguna\" class=\"panel-row-style panel-row-style-for-3711-0\" ><div id=\"pgc-3711-0-0\"  class=\"panel-grid-cell\" ><div><div class=\"tx-heading\" style=\"margin-bottom:16px; text-align: left;\"><h2 class=\"tx-heading-tag\" style=\"font-size:32px;\">Irene Aisemberg<\/h2><\/div><\/div><\/div><\/div><\/div><div id=\"pg-3711-1\"  class=\"panel-grid panel-no-style\" ><div id=\"pgc-3711-1-0\"  class=\"panel-grid-cell\" ><div id=\"panel-3711-1-0-0\" class=\"so-panel widget widget_sow-image panel-first-child panel-last-child\" data-index=\"1\" ><div\n\t\t\t\n\t\t\tclass=\"so-widget-sow-image so-widget-sow-image-default-4e6925654b7a-3711\"\n\t\t\t\n\t\t>\n<div class=\"sow-image-container\">\n\t\t<img \n\tsrc=\"https:\/\/latitudtango.com\/wp-content\/uploads\/2019\/04\/ta.azureedge.jpg\" width=\"600\" height=\"600\" srcset=\"https:\/\/latitudtango.com\/wp-content\/uploads\/2019\/04\/ta.azureedge.jpg 600w, https:\/\/latitudtango.com\/wp-content\/uploads\/2019\/04\/ta.azureedge-150x150.jpg 150w, https:\/\/latitudtango.com\/wp-content\/uploads\/2019\/04\/ta.azureedge-300x300.jpg 300w\" sizes=\"(max-width: 600px) 100vw, 600px\" alt=\"\" \t\tclass=\"so-widget-image\"\/>\n\t<\/div>\n\n<\/div><\/div><\/div><div id=\"pgc-3711-1-1\"  class=\"panel-grid-cell\" ><div id=\"panel-3711-1-1-0\" class=\"so-panel widget widget_sow-editor panel-first-child panel-last-child\" data-index=\"2\" ><div\n\t\t\t\n\t\t\tclass=\"so-widget-sow-editor so-widget-sow-editor-base\"\n\t\t\t\n\t\t>\n<div class=\"siteorigin-widget-tinymce textwidget\">\n\t<h4><span class=\"subseccion_titulo\">Pianista<\/span><\/h4>\n<p>Pianista italiana de or\u00edgenes argentinas residente en Barcelona desde el 2008.<br \/>\nHa participado en numerosos cursos sobre la interpretaci\u00f3n del Tango y de la m\u00fasica argentina.<br \/>\nSe ha presentado en la ciudad de Buenos Aires en el \"Festival Internacional Astor Piazzolla\", en el XIX\u00ba Festival Internacional de Tango de la ciudad de Granada, en el Auditori del CCCB en ocasi\u00f3n de la II edici\u00f3n del Festival de Tango de Barcelona, en la plaza Sant Jaume de Barcelona durante las fiestas de la Merc\u00e8 y en la Sala Jamboree.<br \/>\nEn la ciudad de Barcelona ha formado parte del \u201cSexteto Guardiola\u201d y \u201cLa Orquesta T\u00edpica Barcelona\u201d.<br \/>\nMuy ligada al repertorio vocal, Irene Aisemberg trabaja con numerosos cantantes realizando tanto el repertorio l\u00edrico como el popular; se ha presentado en la Sala Oriol Martorell en el marco del 7th Barcelona Festival of Song, en Casa America de Madrid, Embajada argentina y uruguaya de Roma, la Societ\u00e1 Umanitaria di Milano y en otras importantes ciudades.<\/p>\n<\/div>\n<\/div><\/div><\/div><\/div><\/div>","protected":false},"excerpt":{"rendered":"<p>Pianista Pianista italiana de or\u00edgenes argentinas residente en Barcelona desde el 2008. Ha participado en numerosos cursos sobre la interpretaci\u00f3n del Tango y de la m\u00fasica argentina. Se ha presentado en la<\/p>\n<a class=\"moretag noptoppad\" href=\"https:\/\/latitudtango.com\/es\/irene-aisemberg\/\">Read More...<\/a>","protected":false},"author":1,"featured_media":0,"parent":0,"menu_order":0,"comment_status":"closed","ping_status":"closed","template":"","meta":{"ngg_post_thumbnail":0,"footnotes":""},"_links":{"self":[{"href":"https:\/\/latitudtango.com\/es\/wp-json\/wp\/v2\/pages\/3711"}],"collection":[{"href":"https:\/\/latitudtango.com\/es\/wp-json\/wp\/v2\/pages"}],"about":[{"href":"https:\/\/latitudtango.com\/es\/wp-json\/wp\/v2\/types\/page"}],"author":[{"embeddable":true,"href":"https:\/\/latitudtango.com\/es\/wp-json\/wp\/v2\/users\/1"}],"replies":[{"embeddable":true,"href":"https:\/\/latitudtango.com\/es\/wp-json\/wp\/v2\/comments?post=3711"}],"version-history":[{"count":22,"href":"https:\/\/latitudtango.com\/es\/wp-json\/wp\/v2\/pages\/3711\/revisions"}],"predecessor-version":[{"id":3799,"href":"https:\/\/latitudtango.com\/es\/wp-json\/wp\/v2\/pages\/3711\/revisions\/3799"}],"wp:attachment":[{"href":"https:\/\/latitudtango.com\/es\/wp-json\/wp\/v2\/media?parent=3711"}],"curies":[{"name":"wp","href":"https:\/\/api.w.org\/{rel}","templated":true}]}}