{"id":3483,"date":"2018-10-17T05:23:05","date_gmt":"2018-10-17T05:23:05","guid":{"rendered":"https:\/\/latitudtango.com\/?page_id=3483"},"modified":"2018-10-17T05:28:34","modified_gmt":"2018-10-17T05:28:34","slug":"anne-le-corre","status":"publish","type":"page","link":"https:\/\/latitudtango.com\/es\/anne-le-corre\/","title":{"rendered":"Anne Le Corre"},"content":{"rendered":"<div id=\"pl-3483\"  class=\"panel-layout\" ><div id=\"pg-3483-0\"  class=\"panel-grid panel-has-style\" ><div id=\"anne-le-corre\" class=\"panel-row-style panel-row-style-for-3483-0\" ><div id=\"pgc-3483-0-0\"  class=\"panel-grid-cell\" ><div><div class=\"tx-heading\" style=\"margin-bottom:16px; text-align: left;\"><h2 class=\"tx-heading-tag\" style=\"font-size:32px;\">Anne Le Corre<\/h2><\/div><\/div><\/div><\/div><\/div><div id=\"pg-3483-1\"  class=\"panel-grid panel-no-style\" ><div id=\"pgc-3483-1-0\"  class=\"panel-grid-cell\" ><div id=\"panel-3483-1-0-0\" class=\"so-panel widget widget_sow-image panel-first-child panel-last-child\" data-index=\"1\" ><div\n\t\t\t\n\t\t\tclass=\"so-widget-sow-image so-widget-sow-image-default-8b5b6f678277-3483\"\n\t\t\t\n\t\t>\n<div class=\"sow-image-container\">\n\t\t<img \n\tsrc=\"https:\/\/latitudtango.com\/wp-content\/uploads\/2018\/09\/Anne-violon-bonne-e1539756942571.jpg\" width=\"775\" height=\"517\" srcset=\"https:\/\/latitudtango.com\/wp-content\/uploads\/2018\/09\/Anne-violon-bonne-e1539756942571.jpg 775w, https:\/\/latitudtango.com\/wp-content\/uploads\/2018\/09\/Anne-violon-bonne-e1539756942571-300x200.jpg 300w, https:\/\/latitudtango.com\/wp-content\/uploads\/2018\/09\/Anne-violon-bonne-e1539756942571-768x512.jpg 768w, https:\/\/latitudtango.com\/wp-content\/uploads\/2018\/09\/Anne-violon-bonne-e1539756942571-272x182.jpg 272w\" sizes=\"(max-width: 775px) 100vw, 775px\" title=\"Anne violon bonne\" alt=\"\" \t\tclass=\"so-widget-image\"\/>\n\t<\/div>\n\n<\/div><\/div><\/div><div id=\"pgc-3483-1-1\"  class=\"panel-grid-cell\" ><div id=\"panel-3483-1-1-0\" class=\"so-panel widget widget_sow-editor panel-first-child panel-last-child\" data-index=\"2\" ><div\n\t\t\t\n\t\t\tclass=\"so-widget-sow-editor so-widget-sow-editor-base\"\n\t\t\t\n\t\t>\n<div class=\"siteorigin-widget-tinymce textwidget\">\n\t<h4>Violista y violinista<\/h4>\n<p>Violista y violinista de formaci\u00f3n cl\u00e1sica comienza a tocar tango argentino en Buenos Aires en el a\u00f1o 1994, en la orquesta de F\u00e9lix Verdi.<br \/>\nEn Buenos Aires forma parte de la Orquesta Escuela de Emilio Balcarce. Ha fundado y\/o integrado numerosas formaciones en Francia: Toca Tango, Quatuor Felicia, La Murga, Linea Tigre y De Madrugada\u2026 con las que se present\u00f3 en escenarios de Francia, Alemania, Dinamarca y Suecia.<br \/>\nDirige, desde el a\u00f1o 2002, la Orquesta Escuela de tango de Par\u00eds\u00a0<a class=\"link_normal\" href=\"http:\/\/www.octaedre-tango.com\/\" target=\"_blank\" rel=\"noopener\">www.octaedre-tango.com<\/a>. Con el gran acordeonista argentino Ra\u00fal Barbosa realiza una gira por Francia, Argentina, Uruguay y Brasil.<br \/>\nJunto al tr\u00edo Callej\u00f3n realiza actuaciones en Espa\u00f1a.<\/p>\n<\/div>\n<\/div><\/div><\/div><\/div><\/div>","protected":false},"excerpt":{"rendered":"<p>Violista y violinista Violista y violinista de formaci\u00f3n cl\u00e1sica comienza a tocar tango argentino en Buenos Aires en el a\u00f1o 1994, en la orquesta de F\u00e9lix Verdi. En Buenos Aires forma parte<\/p>\n<a class=\"moretag noptoppad\" href=\"https:\/\/latitudtango.com\/es\/anne-le-corre\/\">Read More...<\/a>","protected":false},"author":1,"featured_media":0,"parent":0,"menu_order":0,"comment_status":"closed","ping_status":"closed","template":"","meta":{"ngg_post_thumbnail":0,"footnotes":""},"_links":{"self":[{"href":"https:\/\/latitudtango.com\/es\/wp-json\/wp\/v2\/pages\/3483"}],"collection":[{"href":"https:\/\/latitudtango.com\/es\/wp-json\/wp\/v2\/pages"}],"about":[{"href":"https:\/\/latitudtango.com\/es\/wp-json\/wp\/v2\/types\/page"}],"author":[{"embeddable":true,"href":"https:\/\/latitudtango.com\/es\/wp-json\/wp\/v2\/users\/1"}],"replies":[{"embeddable":true,"href":"https:\/\/latitudtango.com\/es\/wp-json\/wp\/v2\/comments?post=3483"}],"version-history":[{"count":2,"href":"https:\/\/latitudtango.com\/es\/wp-json\/wp\/v2\/pages\/3483\/revisions"}],"predecessor-version":[{"id":3485,"href":"https:\/\/latitudtango.com\/es\/wp-json\/wp\/v2\/pages\/3483\/revisions\/3485"}],"wp:attachment":[{"href":"https:\/\/latitudtango.com\/es\/wp-json\/wp\/v2\/media?parent=3483"}],"curies":[{"name":"wp","href":"https:\/\/api.w.org\/{rel}","templated":true}]}}