{"id":3480,"date":"2018-10-17T05:21:29","date_gmt":"2018-10-17T05:21:29","guid":{"rendered":"https:\/\/latitudtango.com\/?page_id=3480"},"modified":"2024-06-28T22:26:23","modified_gmt":"2024-06-28T22:26:23","slug":"jorge-blengini","status":"publish","type":"page","link":"https:\/\/latitudtango.com\/es\/jorge-blengini\/","title":{"rendered":"Jorge Blengini"},"content":{"rendered":"<div id=\"pl-3480\"  class=\"panel-layout\" ><div id=\"pg-3480-0\"  class=\"panel-grid panel-has-style\" ><div id=\"jorge-blengini\" class=\"panel-row-style panel-row-style-for-3480-0\" ><div id=\"pgc-3480-0-0\"  class=\"panel-grid-cell\" ><div><div class=\"tx-heading\" style=\"margin-bottom:16px; text-align: left;\"><h2 class=\"tx-heading-tag\" style=\"font-size:32px;\">Jorge Blengini<\/h2><\/div><\/div><\/div><\/div><\/div><div id=\"pg-3480-1\"  class=\"panel-grid panel-no-style\" ><div id=\"pgc-3480-1-0\"  class=\"panel-grid-cell\" ><div id=\"panel-3480-1-0-0\" class=\"so-panel widget widget_sow-image panel-first-child panel-last-child\" data-index=\"1\" ><div\n\t\t\t\n\t\t\tclass=\"so-widget-sow-image so-widget-sow-image-default-4e6925654b7a-3480\"\n\t\t\t\n\t\t>\n<div class=\"sow-image-container\">\n\t\t<img \n\tsrc=\"https:\/\/latitudtango.com\/wp-content\/uploads\/2018\/09\/jorge_blengini_2.jpg\" width=\"800\" height=\"800\" srcset=\"https:\/\/latitudtango.com\/wp-content\/uploads\/2018\/09\/jorge_blengini_2.jpg 800w, https:\/\/latitudtango.com\/wp-content\/uploads\/2018\/09\/jorge_blengini_2-150x150.jpg 150w, https:\/\/latitudtango.com\/wp-content\/uploads\/2018\/09\/jorge_blengini_2-300x300.jpg 300w, https:\/\/latitudtango.com\/wp-content\/uploads\/2018\/09\/jorge_blengini_2-768x768.jpg 768w\" sizes=\"(max-width: 800px) 100vw, 800px\" alt=\"\" \t\tclass=\"so-widget-image\"\/>\n\t<\/div>\n\n<\/div><\/div><\/div><div id=\"pgc-3480-1-1\"  class=\"panel-grid-cell\" ><div id=\"panel-3480-1-1-0\" class=\"so-panel widget widget_sow-editor panel-first-child panel-last-child\" data-index=\"2\" ><div\n\t\t\t\n\t\t\tclass=\"so-widget-sow-editor so-widget-sow-editor-base\"\n\t\t\t\n\t\t>\n<div class=\"siteorigin-widget-tinymce textwidget\">\n\t<h4><span class=\"subseccion_titulo\">Guitarrista y arreglador<\/span><\/h4>\n<p>Estudi\u00f3 en la Escuela de M\u00fasica Popular de Avellaneda (Argentina) donde se licenci\u00f3 como Instrumentista especialidad tango.<br \/>\nEn dicha escuela estudi\u00f3 con profesores como: Orlando Tr\u00edpodi, An\u00edbal Arias, Rodolfo Mederos, entre otros.<br \/>\nIntegr\u00f3 en Argentina diversos grupos de tango y, ya en Europa, el\u00a0<i>Tr\u00edo Capic\u00faa<\/i>\u00a0y el\u00a0<i>Tr\u00edo Callej\u00f3n<\/i>, el cuarteto\u00a0<i>El Repique<\/i>\u00a0y un d\u00fao con la cantante Cecilia Ledesma.<br \/>\nAcompa\u00f1a a una gran cantidad de cantantes de tango y folclore argentino.<br \/>\nMaster en Pedagog\u00eda musical por la ESMUC.<\/p>\n<p><a class=\"link_normal\" href=\"mailto:tangojorge@gmail.com\">tangojorge@gmail.com<\/a><br \/>\n+34 658 671 045<\/p>\n<\/div>\n<\/div><\/div><\/div><\/div><\/div>","protected":false},"excerpt":{"rendered":"<p>Guitarrista y arreglador Estudi\u00f3 en la Escuela de M\u00fasica Popular de Avellaneda (Argentina) donde se licenci\u00f3 como Instrumentista especialidad tango. En dicha escuela estudi\u00f3 con profesores como: Orlando Tr\u00edpodi, An\u00edbal Arias, Rodolfo<\/p>\n<a class=\"moretag noptoppad\" href=\"https:\/\/latitudtango.com\/es\/jorge-blengini\/\">Read More...<\/a>","protected":false},"author":1,"featured_media":0,"parent":0,"menu_order":0,"comment_status":"closed","ping_status":"closed","template":"","meta":{"ngg_post_thumbnail":0,"footnotes":""},"_links":{"self":[{"href":"https:\/\/latitudtango.com\/es\/wp-json\/wp\/v2\/pages\/3480"}],"collection":[{"href":"https:\/\/latitudtango.com\/es\/wp-json\/wp\/v2\/pages"}],"about":[{"href":"https:\/\/latitudtango.com\/es\/wp-json\/wp\/v2\/types\/page"}],"author":[{"embeddable":true,"href":"https:\/\/latitudtango.com\/es\/wp-json\/wp\/v2\/users\/1"}],"replies":[{"embeddable":true,"href":"https:\/\/latitudtango.com\/es\/wp-json\/wp\/v2\/comments?post=3480"}],"version-history":[{"count":5,"href":"https:\/\/latitudtango.com\/es\/wp-json\/wp\/v2\/pages\/3480\/revisions"}],"predecessor-version":[{"id":3918,"href":"https:\/\/latitudtango.com\/es\/wp-json\/wp\/v2\/pages\/3480\/revisions\/3918"}],"wp:attachment":[{"href":"https:\/\/latitudtango.com\/es\/wp-json\/wp\/v2\/media?parent=3480"}],"curies":[{"name":"wp","href":"https:\/\/api.w.org\/{rel}","templated":true}]}}