{"id":3315,"date":"2018-10-16T11:40:59","date_gmt":"2018-10-16T11:40:59","guid":{"rendered":"https:\/\/latitudtango.com\/?page_id=3315"},"modified":"2025-07-18T09:42:25","modified_gmt":"2025-07-18T09:42:25","slug":"loscursos","status":"publish","type":"page","link":"https:\/\/latitudtango.com\/es\/loscursos\/","title":{"rendered":"CURSOS"},"content":{"rendered":"<div id=\"pl-3315\"  class=\"panel-layout\" ><div id=\"pg-3315-0\"  class=\"panel-grid panel-has-style\" ><div id=\"orquestra\" class=\"panel-row-style panel-row-style-for-3315-0\" ><div id=\"pgc-3315-0-0\"  class=\"panel-grid-cell\" ><div id=\"panel-3315-0-0-0\" class=\"so-panel widget widget_sow-editor panel-first-child panel-last-child\" data-index=\"0\" ><div\n\t\t\t\n\t\t\tclass=\"so-widget-sow-editor so-widget-sow-editor-base\"\n\t\t\t\n\t\t>\n<div class=\"siteorigin-widget-tinymce textwidget\">\n\t<h1>Los cursos de la escuela<\/h1>\n<div class=\"tx-divider clearfix\" style=\"margin-top: 1px;margin-bottom: 1px\"><\/div>\n<p>Ofrecemos cursos de arreglos para tango, cursos de canto, cursos de guitarra de tango y tambi\u00e9n se ha creado dos agrupaciones m\u00e1s peque\u00f1as formada por cinco miembros, los \"quinteto\".<\/p>\n<p>La asociaci\u00f3n est\u00e1 abierta a todo m\u00fasico, nivel inicial, intermedio o profesional que toque cualquier instrumento y que est\u00e9 interesado en tocar y aprender el estilo del tango a trav\u00e9s del intercambio y experiencias de los profesores\/as y de los propios participantes.<\/p>\n<div class=\"tx-col-1-2\">\n<ul>\n<li><a href=\"#orquestra\">La orquesta t\u00edpica<\/a><\/li>\n<li><a href=\"#combo\">El combo<\/a><\/li>\n<li><a href=\"#guitarres\">Grupo de guitarras<\/a><\/li>\n<\/ul>\n<\/div>\n<div class=\"tx-col-1-2\">\n<ul>\n<li><a href=\"#arranjaments\">Arreglos<\/a><\/li>\n<li><a href=\"#harmonia\">Armon\u00eda<\/a><\/li>\n<li><a href=\"#cant\">Canto<\/a><\/li>\n<li><a href=\"https:\/\/latitudtango.com\/loscursos\/#workshops\">Workshops<\/a><\/li>\n<\/ul>\n<\/div>\n<p>&nbsp;<\/p>\n<\/div>\n<\/div><\/div><\/div><\/div><\/div><div id=\"pg-3315-1\"  class=\"panel-grid panel-no-style\" ><div id=\"pgc-3315-1-0\"  class=\"panel-grid-cell\" ><div id=\"panel-3315-1-0-0\" class=\"so-panel widget widget_sow-editor panel-first-child\" data-index=\"1\" ><div id=\"orquestra\" class=\"panel-widget-style panel-widget-style-for-3315-1-0-0\" ><div\n\t\t\t\n\t\t\tclass=\"so-widget-sow-editor so-widget-sow-editor-base\"\n\t\t\t\n\t\t>\n<div class=\"siteorigin-widget-tinymce textwidget\">\n\t<h2>La orquesta t\u00edpica<\/h2>\n<div class=\"tx-divider clearfix\" style=\"margin-top: 1px;margin-bottom: 1px\"><\/div>\n<\/div>\n<\/div><\/div><\/div><div id=\"panel-3315-1-0-1\" class=\"so-panel widget widget_sow-image\" data-index=\"2\" ><div\n\t\t\t\n\t\t\tclass=\"so-widget-sow-image so-widget-sow-image-default-8b5b6f678277-3315\"\n\t\t\t\n\t\t>\n<div class=\"sow-image-container\">\n\t\t<img \n\tsrc=\"https:\/\/latitudtango.com\/wp-content\/uploads\/2018\/09\/17620159_1873986669540012_2580630770389721373_o-e1539712554823.jpg\" width=\"998\" height=\"778\" srcset=\"https:\/\/latitudtango.com\/wp-content\/uploads\/2018\/09\/17620159_1873986669540012_2580630770389721373_o-e1539712554823.jpg 998w, https:\/\/latitudtango.com\/wp-content\/uploads\/2018\/09\/17620159_1873986669540012_2580630770389721373_o-e1539712554823-300x234.jpg 300w, https:\/\/latitudtango.com\/wp-content\/uploads\/2018\/09\/17620159_1873986669540012_2580630770389721373_o-e1539712554823-768x599.jpg 768w\" sizes=\"(max-width: 998px) 100vw, 998px\" title=\"17620159_1873986669540012_2580630770389721373_o\" alt=\"\" \t\tclass=\"so-widget-image\"\/>\n\t<\/div>\n\n<\/div><\/div><div id=\"panel-3315-1-0-2\" class=\"so-panel widget widget_sow-editor panel-last-child\" data-index=\"3\" ><div\n\t\t\t\n\t\t\tclass=\"so-widget-sow-editor so-widget-sow-editor-base\"\n\t\t\t\n\t\t>\n<div class=\"siteorigin-widget-tinymce textwidget\">\n\t<h3>La formaci\u00f3n tradicional<\/h3>\n<p>La Orquesta T\u00edpica es la formaci\u00f3n m\u00e1s tradicional del tango argentino. Est\u00e1 formada por un piano, un contrabajo, una fila de 3 a 5 bandoneones (o m\u00e1s) y otra con un mismo n\u00famero de violines, tambi\u00e9n puede haber una viola y un violoncello.<br \/>\nEsta formaci\u00f3n existe desde los a\u00f1os 30 y se mantiene hasta nuestros d\u00edas. Profundamente ligada a la danza a evolucionado seg\u00fan la demanda de los bailarines y a trav\u00e9s del talento e inventiva de los arregladores y directores. Cada uno de ellos ha desarrollado caracter\u00edsticas propias y dado a su orquesta un estilo particular.<br \/>\nLa Orquesta T\u00edpica sigue siendo hoy una expresi\u00f3n privilegiada del tango en las salas de bailes y tambi\u00e9n en las de concierto.<br \/>\nNosotros proponemos estudiar algunos de estos estilos (Di Sarli, Pugliese, D\u00b4Agostino, Gobbi, Troilo i Piazzolla).<br \/>\nLos arreglos pueden ser adaptados, seg\u00fan necesidad, al nivel t\u00e9cnico de los alumnos. Las partituras ser\u00e1n enviadas con suficiente anterioridad junto a una grabaci\u00f3n de las mismas para facilitar el estudio del alumno. El curso se compone de 20 clases\/ensayos de 2hs cada un.a<br \/>\nEsta formaci\u00f3n est\u00e1 abierta a m\u00fasicos amateurs con una aceptable formaci\u00f3n t\u00e9cnica y de lectura, m\u00fasicos semiprofesionales o profesionales que quieran formarse en este g\u00e9nero.<\/p>\n<h4>Los instrumentos convocados son:<\/h4>\n<div class=\"tx-col-1-2\">\n<ul>\n<li>Violi<\/li>\n<li>Viola<\/li>\n<li>Violoncel<\/li>\n<\/ul>\n<\/div>\n<div class=\"tx-col-1-2\">\n<ul>\n<li>Contrabaix<\/li>\n<li>Bandoneon<\/li>\n<li>Piano<\/li>\n<\/ul>\n<\/div>\n<p>&nbsp;<\/p>\n<p>Durante el curso se realizar\u00e1n conciertos para exponer el trabajo realizado.<\/p>\n<\/div>\n<\/div><\/div><\/div><div id=\"pgc-3315-1-1\"  class=\"panel-grid-cell\" ><div id=\"panel-3315-1-1-0\" class=\"so-panel widget widget_sow-editor panel-first-child\" data-index=\"4\" ><div id=\"combo\" class=\"panel-widget-style panel-widget-style-for-3315-1-1-0\" ><div\n\t\t\t\n\t\t\tclass=\"so-widget-sow-editor so-widget-sow-editor-base\"\n\t\t\t\n\t\t>\n<div class=\"siteorigin-widget-tinymce textwidget\">\n\t<\/p>\n<h2>El combo<\/h2>\n<div class=\"tx-divider clearfix\" style=\"margin-top: 1px;margin-bottom: 1px\"><\/div>\n<\/div>\n<\/div><\/div><\/div><div id=\"panel-3315-1-1-1\" class=\"so-panel widget widget_sow-image\" data-index=\"5\" ><div\n\t\t\t\n\t\t\tclass=\"so-widget-sow-image so-widget-sow-image-default-8b5b6f678277-3315\"\n\t\t\t\n\t\t>\n<div class=\"sow-image-container\">\n\t\t<img \n\tsrc=\"https:\/\/latitudtango.com\/wp-content\/uploads\/2018\/09\/278634_10150259125497933_1747796_o-e1539712209366.jpg\" width=\"1001\" height=\"780\" srcset=\"https:\/\/latitudtango.com\/wp-content\/uploads\/2018\/09\/278634_10150259125497933_1747796_o-e1539712209366.jpg 1001w, https:\/\/latitudtango.com\/wp-content\/uploads\/2018\/09\/278634_10150259125497933_1747796_o-e1539712209366-300x234.jpg 300w, https:\/\/latitudtango.com\/wp-content\/uploads\/2018\/09\/278634_10150259125497933_1747796_o-e1539712209366-768x598.jpg 768w\" sizes=\"(max-width: 1001px) 100vw, 1001px\" title=\"278634_10150259125497933_1747796_o\" alt=\"\" \t\tclass=\"so-widget-image\"\/>\n\t<\/div>\n\n<\/div><\/div><div id=\"panel-3315-1-1-2\" class=\"so-panel widget widget_sow-editor panel-last-child\" data-index=\"6\" ><div\n\t\t\t\n\t\t\tclass=\"so-widget-sow-editor so-widget-sow-editor-base\"\n\t\t\t\n\t\t>\n<div class=\"siteorigin-widget-tinymce textwidget\">\n\t<h3>\u00bfQu\u00e9 es el Combo de Tango?<\/h3>\n<p>El Combo de Tango es otra creaci\u00f3n de la asociaci\u00f3n \u201cLatitud tango\u201d para dar formaci\u00f3n a m\u00fasicos \u2013profesionales o amateurs- interesados en el aprendizaje del estilo propio del tango.<br \/>\nEs una de las formaciones t\u00edpicas del tango: 4, 5 o 6 m\u00fasicos (bandone\u00f3n, piano, guitarra, viol\u00edn, contrabajo, bajo el\u00e9ctrico, \ufb02auta, etc\u2026.) recorren el repertorio tanguero. Estas formaciones, m\u00e1s reducidas que la Orquesta-t\u00edpica, se hicieron muy populares a partir de los a\u00f1os 60, desde entonces y hasta la actualidad son una parte muy importante de la historia del tango.<\/p>\n<h3>\u00bfC\u00f3mo se organiza?<\/h3>\n<p>El curso se compone de 10 clases de 2hs cada una. Los arreglos son hechos \u201ca medida\u201d de los participantes: teniendo en cuenta su nivel t\u00e9cnico, de lectura, de conocimiento previo o no del estilo, etc. As\u00ed, desde la pr\u00e1ctica se aprende el estilo del tango con sus rasgos diferenciales: ritmos, rasguitos, fraseos, articulaciones, etc.<\/p>\n<h3>\u00bfQui\u00e9n puede participar?<\/h3>\n<p>Los m\u00fasicos \u2013 profesionales o amateurs- que quieran aprender el estilo del tango. Se formar\u00e1n uno o m\u00e1s grupos dependiendo del n\u00famero y del nivel de los inscritos. Se har\u00e1 una entrevista previa para conocer el nivel de los participantes y as\u00ed crear grupos homog\u00e9neos.<\/p>\n<h4>Instrumentos convocados<\/h4>\n<div class=\"tx-col-1-2\">\n<ul>\n<li>Piano<\/li>\n<li>Guitarra<\/li>\n<li>Flauta<\/li>\n<li>Bandone\u00f3n<\/li>\n<li>Contrabajo<\/li>\n<\/ul>\n<\/div>\n<div class=\"tx-col-1-2\">\n<ul>\n<li>Clarinete<\/li>\n<li>Bajo el\u00e8ctrico<\/li>\n<li>Viol\u00edn<\/li>\n<li>Viola<\/li>\n<\/ul>\n<\/div>\n<p>(consultar para otros instrumentos)<\/p>\n<p>Durante el curso se realizar\u00e1n conciertos para exponer el trabajo realizado.<\/p>\n<\/div>\n<\/div><\/div><\/div><div id=\"pgc-3315-1-2\"  class=\"panel-grid-cell\" ><div id=\"panel-3315-1-2-0\" class=\"so-panel widget widget_sow-editor panel-first-child\" data-index=\"7\" ><div id=\"guitarres\" class=\"panel-widget-style panel-widget-style-for-3315-1-2-0\" ><div\n\t\t\t\n\t\t\tclass=\"so-widget-sow-editor so-widget-sow-editor-base\"\n\t\t\t\n\t\t>\n<div class=\"siteorigin-widget-tinymce textwidget\">\n\t<\/p>\n<h2>Grupo de guitarras<\/h2>\n<div class=\"tx-divider clearfix\" style=\"margin-top: 1px;margin-bottom: 1px\"><\/div>\n<\/div>\n<\/div><\/div><\/div><div id=\"panel-3315-1-2-1\" class=\"so-panel widget widget_sow-image\" data-index=\"8\" ><div\n\t\t\t\n\t\t\tclass=\"so-widget-sow-image so-widget-sow-image-default-8b5b6f678277-3315\"\n\t\t\t\n\t\t>\n<div class=\"sow-image-container\">\n\t\t<img \n\tsrc=\"https:\/\/latitudtango.com\/wp-content\/uploads\/2018\/09\/10960255_924173860956548_2160126613479324644_o.jpg\" width=\"1280\" height=\"956\" srcset=\"https:\/\/latitudtango.com\/wp-content\/uploads\/2018\/09\/10960255_924173860956548_2160126613479324644_o.jpg 1280w, https:\/\/latitudtango.com\/wp-content\/uploads\/2018\/09\/10960255_924173860956548_2160126613479324644_o-300x224.jpg 300w, https:\/\/latitudtango.com\/wp-content\/uploads\/2018\/09\/10960255_924173860956548_2160126613479324644_o-768x574.jpg 768w, https:\/\/latitudtango.com\/wp-content\/uploads\/2018\/09\/10960255_924173860956548_2160126613479324644_o-1024x765.jpg 1024w\" sizes=\"(max-width: 1280px) 100vw, 1280px\" alt=\"\" \t\tclass=\"so-widget-image\"\/>\n\t<\/div>\n\n<\/div><\/div><div id=\"panel-3315-1-2-2\" class=\"so-panel widget widget_sow-editor panel-last-child\" data-index=\"9\" ><div\n\t\t\t\n\t\t\tclass=\"so-widget-sow-editor so-widget-sow-editor-base\"\n\t\t\t\n\t\t>\n<div class=\"siteorigin-widget-tinymce textwidget\">\n\t<p>En esta formaci\u00f3n t\u00edpica en la historia del tango pueden participar desde 3 a 5 guitarras con la opci\u00f3n de incorporar tambi\u00e9n un contrabajo y\/o cantante.<\/p>\n<h3>\u00bfQu\u00e9 es el grupo de guitarras?<\/h3>\n<p>El curso se compone de 20 clases de 2hs cada una. Los arreglos son hechos \u201ca medida\u201d de los participantes: teniendo en cuenta su nivel t\u00e9cnico, de lectura, de conocimiento previo o no del estilo, etc\u2026 As\u00ed, desde la pr\u00e1ctica se aprende el estilo del tango con sus rasgos diferenciales: ritmos, rasguitos, fraseos, articulaciones, etc\u2026 \u00bfC\u00f3mo se organiza?<br \/>\nLos guitarristas \u2013profesionales o amateurs- que quieran aprender el estilo del tango. Se formar\u00e1n uno o m\u00e1s grupos dependiendo del n\u00famero y del nivel de los inscriptos. Se har\u00e1 una entrevista previa para conocer el nivel de los participantes y as\u00ed crear grupos homogeneos.<br \/>\nDurante el curso se realizar\u00e1n conciertos para exponer el trabajo realizado.<\/p>\n<\/div>\n<\/div><\/div><\/div><\/div><div id=\"pg-3315-2\"  class=\"panel-grid panel-no-style\" ><div id=\"pgc-3315-2-0\"  class=\"panel-grid-cell\" ><div id=\"panel-3315-2-0-0\" class=\"so-panel widget widget_sow-editor panel-first-child\" data-index=\"10\" ><div id=\"harmonia\" class=\"panel-widget-style panel-widget-style-for-3315-2-0-0\" ><div\n\t\t\t\n\t\t\tclass=\"so-widget-sow-editor so-widget-sow-editor-base\"\n\t\t\t\n\t\t>\n<div class=\"siteorigin-widget-tinymce textwidget\">\n\t<\/p>\n<h2>Armon\u00eda<\/h2>\n<div class=\"tx-divider clearfix\" style=\"margin-top: 1px;margin-bottom: 1px\"><\/div>\n<\/div>\n<\/div><\/div><\/div><div id=\"panel-3315-2-0-1\" class=\"so-panel widget widget_sow-image\" data-index=\"11\" ><div\n\t\t\t\n\t\t\tclass=\"so-widget-sow-image so-widget-sow-image-default-8b5b6f678277-3315\"\n\t\t\t\n\t\t>\n<div class=\"sow-image-container\">\n\t\t<img \n\tsrc=\"https:\/\/latitudtango.com\/wp-content\/uploads\/2018\/10\/piano.jpg\" width=\"800\" height=\"771\" srcset=\"https:\/\/latitudtango.com\/wp-content\/uploads\/2018\/10\/piano.jpg 800w, https:\/\/latitudtango.com\/wp-content\/uploads\/2018\/10\/piano-300x289.jpg 300w, https:\/\/latitudtango.com\/wp-content\/uploads\/2018\/10\/piano-768x740.jpg 768w\" sizes=\"(max-width: 800px) 100vw, 800px\" alt=\"\" \t\tclass=\"so-widget-image\"\/>\n\t<\/div>\n\n<\/div><\/div><div id=\"panel-3315-2-0-2\" class=\"so-panel widget widget_sow-editor panel-last-child\" data-index=\"12\" ><div\n\t\t\t\n\t\t\tclass=\"so-widget-sow-editor so-widget-sow-editor-base\"\n\t\t\t\n\t\t>\n<div class=\"siteorigin-widget-tinymce textwidget\">\n\t<h3>Armon\u00eda del tango<\/h3>\n<p>La intenci\u00f3n de esta materia es brindar a los alumnos, adem\u00e1s de un conocimiento b\u00e1sico del lenguaje musical, las claves para comprender el estilo del tango y llegar a interpretarlo correctamente.<\/p>\n<\/div>\n<\/div><\/div><\/div><div id=\"pgc-3315-2-1\"  class=\"panel-grid-cell\" ><div id=\"panel-3315-2-1-0\" class=\"so-panel widget widget_sow-editor panel-first-child\" data-index=\"13\" ><div id=\"cant\" class=\"panel-widget-style panel-widget-style-for-3315-2-1-0\" ><div\n\t\t\t\n\t\t\tclass=\"so-widget-sow-editor so-widget-sow-editor-base\"\n\t\t\t\n\t\t>\n<div class=\"siteorigin-widget-tinymce textwidget\">\n\t<\/p>\n<h2>Canto<\/h2>\n<div class=\"tx-divider clearfix\" style=\"margin-top: 1px;margin-bottom: 1px\"><\/div>\n<\/div>\n<\/div><\/div><\/div><div id=\"panel-3315-2-1-1\" class=\"so-panel widget widget_sow-image\" data-index=\"14\" ><div\n\t\t\t\n\t\t\tclass=\"so-widget-sow-image so-widget-sow-image-default-8b5b6f678277-3315\"\n\t\t\t\n\t\t>\n<div class=\"sow-image-container\">\n\t\t<img \n\tsrc=\"https:\/\/latitudtango.com\/wp-content\/uploads\/2018\/09\/10150779_753134898060446_1363748980928941635_n.jpg\" width=\"960\" height=\"640\" srcset=\"https:\/\/latitudtango.com\/wp-content\/uploads\/2018\/09\/10150779_753134898060446_1363748980928941635_n.jpg 960w, https:\/\/latitudtango.com\/wp-content\/uploads\/2018\/09\/10150779_753134898060446_1363748980928941635_n-300x200.jpg 300w, https:\/\/latitudtango.com\/wp-content\/uploads\/2018\/09\/10150779_753134898060446_1363748980928941635_n-768x512.jpg 768w, https:\/\/latitudtango.com\/wp-content\/uploads\/2018\/09\/10150779_753134898060446_1363748980928941635_n-272x182.jpg 272w\" sizes=\"(max-width: 960px) 100vw, 960px\" alt=\"\" \t\tclass=\"so-widget-image\"\/>\n\t<\/div>\n\n<\/div><\/div><div id=\"panel-3315-2-1-2\" class=\"so-panel widget widget_sow-editor panel-last-child\" data-index=\"15\" ><div\n\t\t\t\n\t\t\tclass=\"so-widget-sow-editor so-widget-sow-editor-base\"\n\t\t\t\n\t\t>\n<div class=\"siteorigin-widget-tinymce textwidget\">\n\t<h3>Cantar tango<\/h3>\n<p>El objetivo del curso es capacitar al alumno para desarrollarse como cantante en tango. Se busca interiorizar las letras y disfrutar del placer que produce poder cantar un tango; Las clases tienen una duraci\u00f3n de 60 minutos y est\u00e1n dirigidas a principiantes, iniciados y cantantes profesionales. Durante el curso, a parte de las clases particulares tambi\u00e9n cantaran acompa\u00f1ando a la Orquestra de tango de barcelona o un Combo de latitud tango , una experiencia \u00fanica para el aprendizaje.<\/p>\n<\/div>\n<\/div><\/div><\/div><div id=\"pgc-3315-2-2\"  class=\"panel-grid-cell\" ><div id=\"panel-3315-2-2-0\" class=\"so-panel widget widget_sow-editor panel-first-child\" data-index=\"16\" ><div id=\"seminaris\" class=\"panel-widget-style panel-widget-style-for-3315-2-2-0\" ><div\n\t\t\t\n\t\t\tclass=\"so-widget-sow-editor so-widget-sow-editor-base\"\n\t\t\t\n\t\t>\n<div class=\"siteorigin-widget-tinymce textwidget\">\n\t<h2>Workshops<\/h2>\n<div class=\"tx-divider clearfix\" style=\"margin-top: 1px;margin-bottom: 1px\"><\/div>\n<\/div>\n<\/div><\/div><\/div><div id=\"panel-3315-2-2-1\" class=\"so-panel widget widget_sow-image\" data-index=\"17\" ><div\n\t\t\t\n\t\t\tclass=\"so-widget-sow-image so-widget-sow-image-default-8b5b6f678277-3315\"\n\t\t\t\n\t\t>\n<div class=\"sow-image-container\">\n\t\t<img \n\tsrc=\"https:\/\/latitudtango.com\/wp-content\/uploads\/2018\/09\/bandoneon1-1.jpg\" width=\"450\" height=\"346\" srcset=\"https:\/\/latitudtango.com\/wp-content\/uploads\/2018\/09\/bandoneon1-1.jpg 450w, https:\/\/latitudtango.com\/wp-content\/uploads\/2018\/09\/bandoneon1-1-300x231.jpg 300w\" sizes=\"(max-width: 450px) 100vw, 450px\" title=\"bandoneon1\" alt=\"\" \t\tclass=\"so-widget-image\"\/>\n\t<\/div>\n\n<\/div><\/div><div id=\"panel-3315-2-2-2\" class=\"so-panel widget widget_sow-editor panel-last-child\" data-index=\"18\" ><div\n\t\t\t\n\t\t\tclass=\"so-widget-sow-editor so-widget-sow-editor-base\"\n\t\t\t\n\t\t>\n<div class=\"siteorigin-widget-tinymce textwidget\">\n\t<h3>Workshops<\/h3>\n<p>Los worksops son clases especiales de corta duraci\u00f3n (uno, dos o tres jornadas) impartidos por profesores especialistas en la materia.<br \/>\nEn los mismos podr\u00e1s entender m\u00e1s espec\u00edficamente la funcionalidad de cada una de las artes (m\u00fasica, baile, instrumentos, historia) dentro del g\u00e9nero de tango.<\/p>\n<p>Al ser de corta duraci\u00f3n, estos workshop ser\u00e1n dados a lo largo del a\u00f1o, pudiendo inscribirse en cualquier momento del mismo.<\/p>\n<p>Para recibir m\u00e1s informaci\u00f3n de cada seminario nos puedes escribir a contacto.<\/p>\n<\/div>\n<\/div><\/div><\/div><\/div><div id=\"pg-3315-3\"  class=\"panel-grid panel-no-style\" ><div id=\"pgc-3315-3-0\"  class=\"panel-grid-cell\" ><div id=\"panel-3315-3-0-0\" class=\"so-panel widget widget_sow-image panel-first-child panel-last-child\" data-index=\"19\" ><div id=\"arranjaments\" class=\"panel-widget-style panel-widget-style-for-3315-3-0-0\" ><div\n\t\t\t\n\t\t\tclass=\"so-widget-sow-image so-widget-sow-image-default-8b5b6f678277-3315\"\n\t\t\t\n\t\t>\n<div class=\"sow-image-container\">\n\t\t<img \n\tsrc=\"https:\/\/latitudtango.com\/wp-content\/uploads\/2018\/10\/paper2.png\" width=\"570\" height=\"378\" srcset=\"https:\/\/latitudtango.com\/wp-content\/uploads\/2018\/10\/paper2.png 570w, https:\/\/latitudtango.com\/wp-content\/uploads\/2018\/10\/paper2-300x199.png 300w\" sizes=\"(max-width: 570px) 100vw, 570px\" alt=\"\" \t\tclass=\"so-widget-image\"\/>\n\t<\/div>\n\n<\/div><\/div><\/div><\/div><div id=\"pgc-3315-3-1\"  class=\"panel-grid-cell\" ><div id=\"panel-3315-3-1-0\" class=\"so-panel widget widget_sow-editor panel-first-child\" data-index=\"20\" ><div\n\t\t\t\n\t\t\tclass=\"so-widget-sow-editor so-widget-sow-editor-base\"\n\t\t\t\n\t\t>\n<div class=\"siteorigin-widget-tinymce textwidget\">\n\t<h2>Arranjaments<\/h2>\n<div class=\"tx-divider clearfix\" style=\"margin-top: 1px;margin-bottom: 1px\"><\/div>\n<\/div>\n<\/div><\/div><div id=\"panel-3315-3-1-1\" class=\"so-panel widget widget_sow-editor panel-last-child\" data-index=\"21\" ><div\n\t\t\t\n\t\t\tclass=\"so-widget-sow-editor so-widget-sow-editor-base\"\n\t\t\t\n\t\t>\n<div class=\"siteorigin-widget-tinymce textwidget\">\n\t<p>\u00a0<img loading=\"lazy\" decoding=\"async\" class=\"alignnone size-full wp-image-2059\" src=\"https:\/\/latitudtango.com\/wp-content\/uploads\/2018\/09\/combo2b.jpg\" alt=\"\" width=\"690\" height=\"514\" \/><\/p>\n<h3>Curso de iniciaci\u00f3n al arreglo de tango<\/h3>\n<p>Objetivos: El curso pretende dar los fundamentos b\u00e1sicos para, a partir de una melod\u00eda y su cifrado arm\u00f3nico, poder elaborar un arreglo m\u00e1s o menos simple para formaciones variadas (d\u00faos, tr\u00edos, cuartetos, etc)<\/p>\n<h4>Requisitos:<\/h4>\n<ul>\n<li>Lectura en las claves de sol y fa.<\/li>\n<li>Conocimiento del cifrado.<\/li>\n<\/ul>\n<p><em>Este curso se basar\u00e1 en melod\u00edas con un cifrado dado por lo que un m\u00ednimo conocimiento de la armon\u00eda es suficiente.<\/em><\/p>\n<h4>Contenido:<\/h4>\n<ul>\n<li><strong>Acompa\u00f1amiento:<\/strong> Modelos r\u00edtmicos. Armon\u00eda b\u00e1sica del estilo.<\/li>\n<li><strong>Melod\u00eda:<\/strong> Car\u00e1cter ligado o r\u00edtmica. Articulaciones. Densidad. Melod\u00edas secundarias.<\/li>\n<li><strong>Pasajes de enlace:<\/strong> r\u00edtmicos y\/o mel\u00f3dicos.<\/li>\n<li><strong>Orquestaci\u00f3n:<\/strong> funcionalidad de cada instrumento en el conjunto.<\/li>\n<\/ul>\n<p><em>En todos los casos se trabajar\u00e1 a partir de ejemplos (grabaciones, partituras originales, etc.) de los grandes creadores del g\u00e9nero y con una r\u00e1pida aplicaci\u00f3n pr\u00e1ctica en los trabajos de los alumnos.<\/em><\/p>\n<p><em>Si est\u00e1s interesado contacta con nosotros!<\/em><\/p>\n<\/div>\n<\/div><\/div><\/div><\/div><div id=\"pg-3315-4\"  class=\"panel-grid panel-no-style\" ><div id=\"pgc-3315-4-0\"  class=\"panel-grid-cell\" ><div id=\"panel-3315-4-0-0\" class=\"so-panel widget widget_sow-image panel-first-child panel-last-child\" data-index=\"22\" ><div id=\"arranjaments\" class=\"panel-widget-style panel-widget-style-for-3315-4-0-0\" ><div\n\t\t\t\n\t\t\tclass=\"so-widget-sow-image so-widget-sow-image-default-8b5b6f678277-3315\"\n\t\t\t\n\t\t>\n<div class=\"sow-image-container\">\n\t\t<img \n\tsrc=\"https:\/\/latitudtango.com\/wp-content\/uploads\/2019\/06\/DOUBLE_BASS.png\" width=\"381\" height=\"600\" srcset=\"https:\/\/latitudtango.com\/wp-content\/uploads\/2019\/06\/DOUBLE_BASS.png 381w, https:\/\/latitudtango.com\/wp-content\/uploads\/2019\/06\/DOUBLE_BASS-191x300.png 191w\" sizes=\"(max-width: 381px) 100vw, 381px\" alt=\"\" \t\tclass=\"so-widget-image\"\/>\n\t<\/div>\n\n<\/div><\/div><\/div><\/div><div id=\"pgc-3315-4-1\"  class=\"panel-grid-cell\" ><div id=\"panel-3315-4-1-0\" class=\"so-panel widget widget_sow-editor panel-first-child\" data-index=\"23\" ><div\n\t\t\t\n\t\t\tclass=\"so-widget-sow-editor so-widget-sow-editor-base\"\n\t\t\t\n\t\t>\n<div class=\"siteorigin-widget-tinymce textwidget\">\n\t<h2>SEMINARIO \u00b7 EL CONTRABAJO EN EL TANGO<\/h2>\n<div class=\"tx-divider clearfix\" style=\"margin-top: 1px;margin-bottom: 1px\"><\/div>\n<\/div>\n<\/div><\/div><div id=\"panel-3315-4-1-1\" class=\"so-panel widget widget_sow-editor panel-last-child\" data-index=\"24\" ><div\n\t\t\t\n\t\t\tclass=\"so-widget-sow-editor so-widget-sow-editor-base\"\n\t\t\t\n\t\t>\n<div class=\"siteorigin-widget-tinymce textwidget\">\n\t<h3>Introducci\u00f3n al estilo.<\/h3>\n<p>En este seminario\/taller de tres horas introduciremos a los alumnos en la pr\u00e1ctica del tango en la especialidad de contrabajo. La funci\u00f3n del instrumento dentro de la orquesta t\u00edpica y los diferentes conjuntos y los rudimentos b\u00e1sicos de las t\u00e9cnicas espec\u00edficas del tango. Se dar\u00e1 un repaso b\u00e1sico por los diferentes estilos de las orquestas m\u00e1s significativas centrando la atenci\u00f3n en las maneras de acompa\u00f1ar de cada una de ellas.<\/p>\n<h3>T\u00e9cnicas.<\/h3>\n<h4>Modelos de marcaci\u00f3n. (con arco)<\/h4>\n<ul>\n<li>Marcato en 4<br \/>\nMarcato en 2<\/li>\n<\/ul>\n<h3>Yumba<\/h3>\n<ul>\n<li>S\u00edncopa anticipada<\/li>\n<li>S\u00edncopa a tierra<\/li>\n<li>S\u00edncopas sucesivas<\/li>\n<\/ul>\n<h4>Pizzicato<\/h4>\n<ul>\n<li>Con empuje<\/li>\n<li>Enganchado<\/li>\n<li>Orquestal<\/li>\n<\/ul>\n<h4>Arrastres<\/h4>\n<ul>\n<li>Arrastre con arco<\/li>\n<li>Arrastre con dedo<\/li>\n<\/ul>\n<h4>Efectos de Percusi\u00f3n<\/h4>\n<ul>\n<li>Strappata<\/li>\n<li>Caja<\/li>\n<li>Tambor<\/li>\n<li>Chasquido<\/li>\n<li>Silbido<\/li>\n<\/ul>\n<h4>Milonga y Vals<\/h4>\n<ul>\n<li>Milonga Urbana (o ciudadana)<\/li>\n<li>Milonga Campera<\/li>\n<li>Vals<\/li>\n<\/ul>\n<\/div>\n<\/div><\/div><\/div><\/div><\/div>","protected":false},"excerpt":{"rendered":"<p>Los cursos de la escuela Ofrecemos cursos de arreglos para tango, cursos de canto, cursos de guitarra de tango y tambi\u00e9n se ha creado dos agrupaciones m\u00e1s peque\u00f1as formada por cinco miembros,<\/p>\n<a class=\"moretag noptoppad\" href=\"https:\/\/latitudtango.com\/es\/loscursos\/\">Read More...<\/a>","protected":false},"author":1,"featured_media":0,"parent":0,"menu_order":0,"comment_status":"closed","ping_status":"closed","template":"","meta":{"ngg_post_thumbnail":0,"footnotes":""},"_links":{"self":[{"href":"https:\/\/latitudtango.com\/es\/wp-json\/wp\/v2\/pages\/3315"}],"collection":[{"href":"https:\/\/latitudtango.com\/es\/wp-json\/wp\/v2\/pages"}],"about":[{"href":"https:\/\/latitudtango.com\/es\/wp-json\/wp\/v2\/types\/page"}],"author":[{"embeddable":true,"href":"https:\/\/latitudtango.com\/es\/wp-json\/wp\/v2\/users\/1"}],"replies":[{"embeddable":true,"href":"https:\/\/latitudtango.com\/es\/wp-json\/wp\/v2\/comments?post=3315"}],"version-history":[{"count":208,"href":"https:\/\/latitudtango.com\/es\/wp-json\/wp\/v2\/pages\/3315\/revisions"}],"predecessor-version":[{"id":4037,"href":"https:\/\/latitudtango.com\/es\/wp-json\/wp\/v2\/pages\/3315\/revisions\/4037"}],"wp:attachment":[{"href":"https:\/\/latitudtango.com\/es\/wp-json\/wp\/v2\/media?parent=3315"}],"curies":[{"name":"wp","href":"https:\/\/api.w.org\/{rel}","templated":true}]}}