{"id":3137,"date":"2018-10-14T16:47:33","date_gmt":"2018-10-14T16:47:33","guid":{"rendered":"https:\/\/latitudtango.com\/?page_id=3137"},"modified":"2018-10-14T17:15:20","modified_gmt":"2018-10-14T17:15:20","slug":"videos","status":"publish","type":"page","link":"https:\/\/latitudtango.com\/es\/videos\/","title":{"rendered":"videos"},"content":{"rendered":"<div id=\"pl-3137\"  class=\"panel-layout\" ><div id=\"pg-3137-0\"  class=\"panel-grid panel-no-style\" ><div id=\"pgc-3137-0-0\"  class=\"panel-grid-cell\" ><div><div class=\"tx-heading\" style=\"margin-bottom:16px; text-align: left;\"><h2 class=\"tx-heading-tag\" style=\"font-size:36px;\">VIDEO<\/h2><\/div><\/div><\/div><\/div><div id=\"pg-3137-1\"  class=\"panel-grid panel-has-style\" ><div id=\"video\" class=\"panel-row-style panel-row-style-for-3137-1\" ><div id=\"pgc-3137-1-0\"  class=\"panel-grid-cell\" ><div class=\"panel-cell-style panel-cell-style-for-3137-1-0\" ><div id=\"panel-3137-1-0-0\" class=\"so-panel widget widget_sow-editor panel-first-child\" data-index=\"1\" ><div id=\"videos\" class=\"panel-widget-style panel-widget-style-for-3137-1-0-0\" ><div\n\t\t\t\n\t\t\tclass=\"so-widget-sow-editor so-widget-sow-editor-base\"\n\t\t\t\n\t\t>\n<div class=\"siteorigin-widget-tinymce textwidget\">\n\t<\/h3>\n<h3>Los v\u00eddeos de Latitud Tango<\/h3>\n<p>Aqu\u00ed podemos ver algunos videos de los alumnos de la orquesta y combo grabados en diferentes ocasiones.<br \/>\nTambi\u00e9n pod\u00e9is visitar nuestro canal en YouTube en este enlace: <a href=\"https:\/\/www.youtube.com\/channel\/UCK6hGtdaf4OYiJlqsGPZnhg\">LatitudTango Orquestra Tango BCN<\/a><\/p>\n<h3>\n<\/div>\n<\/div><\/div><\/div><div id=\"panel-3137-1-0-1\" class=\"so-panel widget widget_sow-editor panel-last-child\" data-index=\"2\" ><div\n\t\t\t\n\t\t\tclass=\"so-widget-sow-editor so-widget-sow-editor-base\"\n\t\t\t\n\t\t>\n<div class=\"siteorigin-widget-tinymce textwidget\">\n\t\t\t\t<div \n\t\t\tclass=\"yotu-playlist yotuwp yotu-limit-min yotu-player-full  yotu-thumb-169  yotu-template-grid\" \n\t\t\tdata-page=\"1\"\n\t\t\tid=\"yotuwp-69d0423181ec7\"\n\t\t\tdata-yotu=\"modal\"\n\t\t\tdata-total=\"2\"\n\t\t\tdata-settings=\"eyJ0eXBlIjoidmlkZW9zIiwiaWQiOiJKVHluQlA5aHA1VSxCc2hDUkVKUzN6QSx4bjdxcTE2SGV2RSxiUHVaUTQwdVVyZyxtSWhwQlV6ekszVSxCVU5yYVlkTHBuMCxKN3Rxa2h1bnJsTSw2ZEJVSk5KMi01cyxiZTRpTnk2Sy05USxTUEE3N1h4Yll1VSxrYVJGMzYwNGF0OCxCRkxqbVR2Rnc3SSIsInBhZ2luYXRpb24iOiJvbiIsInBhZ2l0eXBlIjoicGFnZXIiLCJjb2x1bW4iOiIzIiwicGVyX3BhZ2UiOiI2IiwidGVtcGxhdGUiOiJncmlkIiwidGl0bGUiOiJvbiIsImRlc2NyaXB0aW9uIjoib24iLCJ0aHVtYnJhdGlvIjoiMTY5IiwibWV0YSI6Im9mZiIsIm1ldGFfZGF0YSI6Im9mZiIsIm1ldGFfcG9zaXRpb24iOiJvZmYiLCJkYXRlX2Zvcm1hdCI6Im9mZiIsIm1ldGFfYWxpZ24iOiJvZmYiLCJzdWJzY3JpYmUiOiJvZmYiLCJkdXJhdGlvbiI6Im9mZiIsIm1ldGFfaWNvbiI6Im9mZiIsIm5leHR0ZXh0IjoiIiwicHJldnRleHQiOiIiLCJsb2FkbW9yZXRleHQiOiIiLCJwbGF5ZXIiOnsibW9kZSI6InBvcHVwIiwid2lkdGgiOiIwIiwic2Nyb2xsaW5nIjoiMTAwIiwiYXV0b3BsYXkiOjAsImNvbnRyb2xzIjoxLCJtb2Rlc3RicmFuZGluZyI6MSwibG9vcCI6MCwiYXV0b25leHQiOjAsInNob3dpbmZvIjoxLCJyZWwiOjEsInBsYXlpbmciOjAsInBsYXlpbmdfZGVzY3JpcHRpb24iOjAsInRodW1ibmFpbHMiOjAsImNjX2xvYWRfcG9saWN5IjoiMSIsImNjX2xhbmdfcHJlZiI6IjEiLCJobCI6IiIsIml2X2xvYWRfcG9saWN5IjoiMSJ9LCJsYXN0X3RhYiI6InN0eWxpbmciLCJ1c2VfYXNfbW9kYWwiOiJvZmYiLCJtb2RhbF9pZCI6Im9mZiIsImxhc3RfdXBkYXRlIjoiMTUzOTUxNDEyNCIsInN0eWxpbmciOnsicGFnZXJfbGF5b3V0IjoiYm90aHNpZGUiLCJidXR0b24iOiIzIiwiYnV0dG9uX2NvbG9yIjoiIiwiYnV0dG9uX2JnX2NvbG9yIjoiIiwiYnV0dG9uX2NvbG9yX2hvdmVyIjoiIiwiYnV0dG9uX2JnX2NvbG9yX2hvdmVyIjoiIiwidmlkZW9fc3R5bGUiOiJncGx1cyIsInBsYXlpY29uX2NvbG9yIjoiIiwiaG92ZXJfaWNvbiI6IiIsImdhbGxlcnlfYmciOiIifSwiZWZmZWN0cyI6eyJ2aWRlb19ib3giOiIiLCJmbGlwX2VmZmVjdCI6IiJ9LCJnYWxsZXJ5X2lkIjoiNjlkMDQyMzE4MWVjNyIsIm5leHQiOjF9\"\n\t\t\tdata-player=\"popup\"\n\t\t\tdata-showdesc=\"on\" >\n\t\t\t\t<div>\n\t\t\t\t\t<div class=\"yotu-pagination yotu-pager_layout-bothside yotu-pagination-top\">\n<a href=\"#\" class=\"yotu-pagination-prev yotu-button-prs yotu-button-prs-3\" data-page=\"prev\">Prev<\/a>\n<span class=\"yotu-pagination-current\">1<\/span> <span>of<\/span> <span class=\"yotu-pagination-total\">2<\/span>\n<a href=\"#\" class=\"yotu-pagination-next yotu-button-prs yotu-button-prs-3\" data-page=\"next\">Next<\/a>\n<\/div>\n<div class=\"yotu-videos yotu-mode-grid yotu-preset yotu-preset-gplus yotu-column-3 yotu-player-mode-popup\">\n\t<ul>\n\t\t\t\t\t<li class=\" yotu-first\">\n\t\t\t\t\t\t\t\t<a href=\"#JTynBP9hp5U\" class=\"yotu-video\" data-videoid=\"JTynBP9hp5U\" data-title=\"Latitud Tango\" title=\"Latitud Tango\">\n\t\t\t\t\t<div class=\"yotu-video-thumb-wrp\">\n\t\t\t\t\t\t<div>\n\t\t\t\t\t\t\t\t\t\t\t\t\t\t<img decoding=\"async\" class=\"yotu-video-thumb\" src=\"https:\/\/i.ytimg.com\/vi\/JTynBP9hp5U\/sddefault.jpg\" alt=\"Latitud Tango\">\t\n\t\t\t\t\t\t\t\t\t\t\t\t\t<\/div>\n\t\t\t\t\t<\/div>\n\t\t\t\t\t\t\t\t\t\t\t<h3 class=\"yotu-video-title\">Latitud Tango<\/h3>\n\t\t\t\t\t\t\t\t\t\t\t\t\t\t\t\t\t\t\t\t\t<div class=\"yotu-video-description\"><\/div>\n\t\t\t\t\t\t\t\t\t<\/a>\n\t\t\t\t\t\t\t<\/li>\n\t\t\t\t\n\t\t\t\t\t\t<li class=\"\">\n\t\t\t\t\t\t\t\t<a href=\"#BshCREJS3zA\" class=\"yotu-video\" data-videoid=\"BshCREJS3zA\" data-title=\"El conventillo. Orquesta escuela de Tango de Barcelona + Orquesta de Tango de Par\u00eds\" title=\"El conventillo. Orquesta escuela de Tango de Barcelona + Orquesta de Tango de Par\u00eds\">\n\t\t\t\t\t<div class=\"yotu-video-thumb-wrp\">\n\t\t\t\t\t\t<div>\n\t\t\t\t\t\t\t\t\t\t\t\t\t\t<img decoding=\"async\" class=\"yotu-video-thumb\" src=\"https:\/\/i.ytimg.com\/vi\/BshCREJS3zA\/sddefault.jpg\" alt=\"El conventillo. Orquesta escuela de Tango de Barcelona + Orquesta de Tango de Par\u00eds\">\t\n\t\t\t\t\t\t\t\t\t\t\t\t\t<\/div>\n\t\t\t\t\t<\/div>\n\t\t\t\t\t\t\t\t\t\t\t<h3 class=\"yotu-video-title\">El conventillo. Orquesta escuela de Tango de Barcelona + Orquesta de Tango de Par\u00eds<\/h3>\n\t\t\t\t\t\t\t\t\t\t\t\t\t\t\t\t\t\t\t\t\t<div class=\"yotu-video-description\"><\/div>\n\t\t\t\t\t\t\t\t\t<\/a>\n\t\t\t\t\t\t\t<\/li>\n\t\t\t\t\n\t\t\t\t\t\t<li class=\"\">\n\t\t\t\t\t\t\t\t<a href=\"#xn7qq16HevE\" class=\"yotu-video\" data-videoid=\"xn7qq16HevE\" data-title=\"Orquestas de tango de Barcelona y Par\u00eds. La cumparsita\" title=\"Orquestas de tango de Barcelona y Par\u00eds. La cumparsita\">\n\t\t\t\t\t<div class=\"yotu-video-thumb-wrp\">\n\t\t\t\t\t\t<div>\n\t\t\t\t\t\t\t\t\t\t\t\t\t\t<img decoding=\"async\" class=\"yotu-video-thumb\" src=\"https:\/\/i.ytimg.com\/vi\/xn7qq16HevE\/sddefault.jpg\" alt=\"Orquestas de tango de Barcelona y Par\u00eds. La cumparsita\">\t\n\t\t\t\t\t\t\t\t\t\t\t\t\t<\/div>\n\t\t\t\t\t<\/div>\n\t\t\t\t\t\t\t\t\t\t\t<h3 class=\"yotu-video-title\">Orquestas de tango de Barcelona y Par\u00eds. La cumparsita<\/h3>\n\t\t\t\t\t\t\t\t\t\t\t\t\t\t\t\t\t\t\t\t\t<div class=\"yotu-video-description\"><\/div>\n\t\t\t\t\t\t\t\t\t<\/a>\n\t\t\t\t\t\t\t<\/li>\n\t\t\t\t\n\t\t\t\t\t\t<li class=\"\">\n\t\t\t\t\t\t\t\t<a href=\"#bPuZQ40uUrg\" class=\"yotu-video\" data-videoid=\"bPuZQ40uUrg\" data-title=\"Coraz\u00f3n de Oro - Latitud Tango\" title=\"Coraz\u00f3n de Oro - Latitud Tango\">\n\t\t\t\t\t<div class=\"yotu-video-thumb-wrp\">\n\t\t\t\t\t\t<div>\n\t\t\t\t\t\t\t\t\t\t\t\t\t\t<img decoding=\"async\" class=\"yotu-video-thumb\" src=\"https:\/\/i.ytimg.com\/vi\/bPuZQ40uUrg\/hqdefault.jpg\" alt=\"Coraz\u00f3n de Oro - Latitud Tango\">\t\n\t\t\t\t\t\t\t\t\t\t\t\t\t<\/div>\n\t\t\t\t\t<\/div>\n\t\t\t\t\t\t\t\t\t\t\t<h3 class=\"yotu-video-title\">Coraz\u00f3n de Oro - Latitud Tango<\/h3>\n\t\t\t\t\t\t\t\t\t\t\t\t\t\t\t\t\t\t\t\t\t<div class=\"yotu-video-description\"><\/div>\n\t\t\t\t\t\t\t\t\t<\/a>\n\t\t\t\t\t\t\t<\/li>\n\t\t\t\t\n\t\t\t\t\t\t<li class=\"\">\n\t\t\t\t\t\t\t\t<a href=\"#mIhpBUzzK3U\" class=\"yotu-video\" data-videoid=\"mIhpBUzzK3U\" data-title=\"inspiraci\u00f3n - Latitud Tango\" title=\"inspiraci\u00f3n - Latitud Tango\">\n\t\t\t\t\t<div class=\"yotu-video-thumb-wrp\">\n\t\t\t\t\t\t<div>\n\t\t\t\t\t\t\t\t\t\t\t\t\t\t<img decoding=\"async\" class=\"yotu-video-thumb\" src=\"https:\/\/i.ytimg.com\/vi\/mIhpBUzzK3U\/hqdefault.jpg\" alt=\"inspiraci\u00f3n - Latitud Tango\">\t\n\t\t\t\t\t\t\t\t\t\t\t\t\t<\/div>\n\t\t\t\t\t<\/div>\n\t\t\t\t\t\t\t\t\t\t\t<h3 class=\"yotu-video-title\">inspiraci\u00f3n - Latitud Tango<\/h3>\n\t\t\t\t\t\t\t\t\t\t\t\t\t\t\t\t\t\t\t\t\t<div class=\"yotu-video-description\"><\/div>\n\t\t\t\t\t\t\t\t\t<\/a>\n\t\t\t\t\t\t\t<\/li>\n\t\t\t\t\n\t\t\t\t\t\t<li class=\" yotu-last\">\n\t\t\t\t\t\t\t\t<a href=\"#BUNraYdLpn0\" class=\"yotu-video\" data-videoid=\"BUNraYdLpn0\" data-title=\"El amanecer (Quinteto guitarras 2018 - Latitud tango)\" title=\"El amanecer (Quinteto guitarras 2018 - Latitud tango)\">\n\t\t\t\t\t<div class=\"yotu-video-thumb-wrp\">\n\t\t\t\t\t\t<div>\n\t\t\t\t\t\t\t\t\t\t\t\t\t\t<img decoding=\"async\" class=\"yotu-video-thumb\" src=\"https:\/\/i.ytimg.com\/vi\/BUNraYdLpn0\/sddefault.jpg\" alt=\"El amanecer (Quinteto guitarras 2018 - Latitud tango)\">\t\n\t\t\t\t\t\t\t\t\t\t\t\t\t<\/div>\n\t\t\t\t\t<\/div>\n\t\t\t\t\t\t\t\t\t\t\t<h3 class=\"yotu-video-title\">El amanecer (Quinteto guitarras 2018 - Latitud tango)<\/h3>\n\t\t\t\t\t\t\t\t\t\t\t\t\t\t\t\t\t\t\t\t\t<div class=\"yotu-video-description\"><\/div>\n\t\t\t\t\t\t\t\t\t<\/a>\n\t\t\t\t\t\t\t<\/li>\n\t\t\t\t\n\t\t\t\t<\/ul>\n<\/div><div class=\"yotu-pagination yotu-pager_layout-bothside yotu-pagination-bottom\">\n<a href=\"#\" class=\"yotu-pagination-prev yotu-button-prs yotu-button-prs-3\" data-page=\"prev\">Prev<\/a>\n<span class=\"yotu-pagination-current\">1<\/span> <span>of<\/span> <span class=\"yotu-pagination-total\">2<\/span>\n<a href=\"#\" class=\"yotu-pagination-next yotu-button-prs yotu-button-prs-3\" data-page=\"next\">Next<\/a>\n<\/div>\n\t\t\t\t<\/div>\n\t\t\t<\/div>\n\t\t\t\n<\/div>\n<\/div><\/div><\/div><\/div><\/div><\/div><\/div>","protected":false},"excerpt":{"rendered":"<p>Los v\u00eddeos de Latitud Tango Aqu\u00ed podemos ver algunos videos de los alumnos de la orquesta y combo grabados en diferentes ocasiones. Tambi\u00e9n pod\u00e9is visitar nuestro canal en YouTube en este enlace:<\/p>\n<a class=\"moretag noptoppad\" href=\"https:\/\/latitudtango.com\/es\/videos\/\">Read More...<\/a>","protected":false},"author":1,"featured_media":0,"parent":0,"menu_order":0,"comment_status":"closed","ping_status":"closed","template":"","meta":{"ngg_post_thumbnail":0,"footnotes":""},"_links":{"self":[{"href":"https:\/\/latitudtango.com\/es\/wp-json\/wp\/v2\/pages\/3137"}],"collection":[{"href":"https:\/\/latitudtango.com\/es\/wp-json\/wp\/v2\/pages"}],"about":[{"href":"https:\/\/latitudtango.com\/es\/wp-json\/wp\/v2\/types\/page"}],"author":[{"embeddable":true,"href":"https:\/\/latitudtango.com\/es\/wp-json\/wp\/v2\/users\/1"}],"replies":[{"embeddable":true,"href":"https:\/\/latitudtango.com\/es\/wp-json\/wp\/v2\/comments?post=3137"}],"version-history":[{"count":11,"href":"https:\/\/latitudtango.com\/es\/wp-json\/wp\/v2\/pages\/3137\/revisions"}],"predecessor-version":[{"id":3158,"href":"https:\/\/latitudtango.com\/es\/wp-json\/wp\/v2\/pages\/3137\/revisions\/3158"}],"wp:attachment":[{"href":"https:\/\/latitudtango.com\/es\/wp-json\/wp\/v2\/media?parent=3137"}],"curies":[{"name":"wp","href":"https:\/\/api.w.org\/{rel}","templated":true}]}}