{"id":2763,"date":"2018-10-02T06:35:33","date_gmt":"2018-10-02T06:35:33","guid":{"rendered":"https:\/\/latitudtango.com\/?page_id=2763"},"modified":"2018-10-22T09:30:43","modified_gmt":"2018-10-22T09:30:43","slug":"concerts","status":"publish","type":"page","link":"https:\/\/latitudtango.com\/es\/concerts\/","title":{"rendered":"CONCIERTOS"},"content":{"rendered":"<div id=\"pl-2763\"  class=\"panel-layout\" ><div id=\"pg-2763-0\"  class=\"panel-grid panel-no-style\" ><div id=\"pgc-2763-0-0\"  class=\"panel-grid-cell\" ><div id=\"panel-2763-0-0-0\" class=\"so-panel widget widget_sow-editor panel-first-child\" data-index=\"0\" ><div\n\t\t\t\n\t\t\tclass=\"so-widget-sow-editor so-widget-sow-editor-base\"\n\t\t\t\n\t\t>\n<div class=\"siteorigin-widget-tinymce textwidget\">\n\t<h2>Conciertos<\/h2>\n<div class=\"tx-divider clearfix\" style=\"margin-top: 1px;margin-bottom: 1px\"><\/div>\n<\/div>\n<\/div><\/div><div id=\"panel-2763-0-0-1\" class=\"so-panel widget widget_sow-image\" data-index=\"1\" ><div\n\t\t\t\n\t\t\tclass=\"so-widget-sow-image so-widget-sow-image-default-8b5b6f678277-2763\"\n\t\t\t\n\t\t>\n<div class=\"sow-image-container\">\n\t\t<img \n\tsrc=\"https:\/\/latitudtango.com\/wp-content\/uploads\/2018\/09\/10253954_753134204727182_7470731627755747679_n.jpg\" width=\"960\" height=\"640\" srcset=\"https:\/\/latitudtango.com\/wp-content\/uploads\/2018\/09\/10253954_753134204727182_7470731627755747679_n.jpg 960w, https:\/\/latitudtango.com\/wp-content\/uploads\/2018\/09\/10253954_753134204727182_7470731627755747679_n-300x200.jpg 300w, https:\/\/latitudtango.com\/wp-content\/uploads\/2018\/09\/10253954_753134204727182_7470731627755747679_n-768x512.jpg 768w, https:\/\/latitudtango.com\/wp-content\/uploads\/2018\/09\/10253954_753134204727182_7470731627755747679_n-272x182.jpg 272w\" sizes=\"(max-width: 960px) 100vw, 960px\" alt=\"\" \t\tclass=\"so-widget-image\"\/>\n\t<\/div>\n\n<\/div><\/div><div id=\"panel-2763-0-0-2\" class=\"so-panel widget widget_sow-editor\" data-index=\"2\" ><div\n\t\t\t\n\t\t\tclass=\"so-widget-sow-editor so-widget-sow-editor-base\"\n\t\t\t\n\t\t>\n<div class=\"siteorigin-widget-tinymce textwidget\">\n\t<p>Los conciertos forman parte del aprendizaje del curso, adem\u00e1s dan la oportunidad de poder tocar para bailarines y bailarinas en directo en diferente milongas de la ciudad de Barcelona. El principal objetivo es difundir y promocionar la m\u00fasica del tango orquestral en directo.<\/p>\n<p>No es necesario que est\u00e9 inscrito en el curso, si te gusta el tango, no dejes de consultar en est\u00e1 p\u00e1gina nuestra agenda para poder asistir a los conciertos. Seguro que disfrutar\u00e1s de un evento \u00fanico.<\/p>\n<\/div>\n<\/div><\/div><div id=\"panel-2763-0-0-3\" class=\"so-panel widget widget_sow-headline panel-last-child\" data-index=\"3\" ><div\n\t\t\t\n\t\t\tclass=\"so-widget-sow-headline so-widget-sow-headline-default-d15ef54ef6b2-2763\"\n\t\t\t\n\t\t><div class=\"sow-headline-container \">\n\t<\/div>\n<\/div><\/div><\/div><div id=\"pgc-2763-0-1\"  class=\"panel-grid-cell\" ><div id=\"panel-2763-0-1-0\" class=\"so-panel widget widget_sow-editor panel-first-child\" data-index=\"4\" ><div\n\t\t\t\n\t\t\tclass=\"so-widget-sow-editor so-widget-sow-editor-base\"\n\t\t\t\n\t\t>\n<div class=\"siteorigin-widget-tinymce textwidget\">\n\t<h1>Calendario de conciertos<\/h1>\n<div class=\"tx-divider clearfix\" style=\"margin-top: 1px;margin-bottom: 1px\"><\/div>\n<\/div>\n<\/div><\/div><div id=\"panel-2763-0-1-1\" class=\"so-panel widget widget_sow-editor\" data-index=\"5\" ><div\n\t\t\t\n\t\t\tclass=\"so-widget-sow-editor so-widget-sow-editor-base\"\n\t\t\t\n\t\t>\n<div class=\"siteorigin-widget-tinymce textwidget\">\n\t<h3>Concerts Orquestra Latitud<\/h3>\n<div class=\"tx-divider clearfix\" style=\"margin-top: 1px;margin-bottom: 1px\"><\/div>\n<\/div>\n<\/div><\/div><div id=\"panel-2763-0-1-2\" class=\"so-panel widget widget_event_list_widget\" data-index=\"6\" >\n\t\t\t\t<div class=\"event-list\"><p>no event<\/p>\n\t\t\t\t<\/div><\/div><div id=\"panel-2763-0-1-3\" class=\"so-panel widget widget_sow-editor\" data-index=\"7\" ><div\n\t\t\t\n\t\t\tclass=\"so-widget-sow-editor so-widget-sow-editor-base\"\n\t\t\t\n\t\t>\n<div class=\"siteorigin-widget-tinymce textwidget\">\n\t<h3>Concerts Combo Latitud<\/h3>\n<div class=\"tx-divider clearfix\" style=\"margin-top: 1px;margin-bottom: 1px\"><\/div>\n<p>Dates encara per determinar.<\/p>\n<\/div>\n<\/div><\/div><div id=\"panel-2763-0-1-4\" class=\"so-panel widget widget_event_list_widget panel-last-child\" data-index=\"8\" >\n\t\t\t\t<div class=\"event-list\"><p>no event<\/p>\n\t\t\t\t<\/div><\/div><\/div><\/div><\/div>","protected":false},"excerpt":{"rendered":"<p>Conciertos Los conciertos forman parte del aprendizaje del curso, adem\u00e1s dan la oportunidad de poder tocar para bailarines y bailarinas en directo en diferente milongas de la ciudad de Barcelona. El principal<\/p>\n<a class=\"moretag noptoppad\" href=\"https:\/\/latitudtango.com\/es\/concerts\/\">Read More...<\/a>","protected":false},"author":1,"featured_media":0,"parent":0,"menu_order":0,"comment_status":"closed","ping_status":"closed","template":"","meta":{"ngg_post_thumbnail":0,"footnotes":""},"_links":{"self":[{"href":"https:\/\/latitudtango.com\/es\/wp-json\/wp\/v2\/pages\/2763"}],"collection":[{"href":"https:\/\/latitudtango.com\/es\/wp-json\/wp\/v2\/pages"}],"about":[{"href":"https:\/\/latitudtango.com\/es\/wp-json\/wp\/v2\/types\/page"}],"author":[{"embeddable":true,"href":"https:\/\/latitudtango.com\/es\/wp-json\/wp\/v2\/users\/1"}],"replies":[{"embeddable":true,"href":"https:\/\/latitudtango.com\/es\/wp-json\/wp\/v2\/comments?post=2763"}],"version-history":[{"count":108,"href":"https:\/\/latitudtango.com\/es\/wp-json\/wp\/v2\/pages\/2763\/revisions"}],"predecessor-version":[{"id":3694,"href":"https:\/\/latitudtango.com\/es\/wp-json\/wp\/v2\/pages\/2763\/revisions\/3694"}],"wp:attachment":[{"href":"https:\/\/latitudtango.com\/es\/wp-json\/wp\/v2\/media?parent=2763"}],"curies":[{"name":"wp","href":"https:\/\/api.w.org\/{rel}","templated":true}]}}