{"id":2217,"date":"2018-09-05T10:44:20","date_gmt":"2018-09-05T10:44:20","guid":{"rendered":"https:\/\/latitudtango.com\/?page_id=2217"},"modified":"2018-09-07T08:55:24","modified_gmt":"2018-09-07T08:55:24","slug":"avisos-legales","status":"publish","type":"page","link":"https:\/\/latitudtango.com\/es\/avisos-legales\/","title":{"rendered":"avisos-legales"},"content":{"rendered":"<div id=\"pl-2217\"  class=\"panel-layout\" ><div id=\"pg-2217-0\"  class=\"panel-grid panel-no-style\" ><div id=\"pgc-2217-0-0\"  class=\"panel-grid-cell\" ><div><div class=\"tx-heading\" style=\"margin-bottom:16px; text-align: left;\"><h2 class=\"tx-heading-tag\" style=\"font-size:30px;\">Avisos legals<\/h2><\/div><\/div><\/div><\/div><div id=\"pg-2217-1\"  class=\"panel-grid panel-no-style\" ><div id=\"pgc-2217-1-0\"  class=\"panel-grid-cell panel-grid-cell-empty\" ><\/div><div id=\"pgc-2217-1-1\"  class=\"panel-grid-cell\" ><div id=\"panel-2217-1-1-0\" class=\"so-panel widget widget_sow-editor panel-first-child panel-last-child\" data-index=\"1\" ><div\n\t\t\t\n\t\t\tclass=\"so-widget-sow-editor so-widget-sow-editor-base\"\n\t\t\t\n\t\t>\n<div class=\"siteorigin-widget-tinymce textwidget\">\n\t<h4>Datos identificativos.<\/h4>\n<p>En cumplimiento con el deber de informaci\u00f3n recogido en art\u00edculo 10 de la Ley 34\/2002, de 11 de julio, de Servicios de la Sociedad de la Informaci\u00f3n y del Comercio Electr\u00f3nico, se se\u00f1alan los siguientes datos: la empresa titular de dominio web es Latitud tango, Organizaci\u00f3n sin \u00e1nimo de lucro, en adelante, \u201cLa empresa\u201d.<\/p>\n<p>Correo electr\u00f3nico de contacto:\u00a0<a class=\"link_normal\" href=\"mailto:contacto@latitudtango.com\">contacto@latitudtango.com<\/a><\/p>\n<h4>Usuarios.<\/h4>\n<p>El acceso y\/o uso de este portal atribuye la condici\u00f3n de Usuario, que acepta los t\u00e9rminos y condiciones generales de uso para poder usar todos los servicios e informaci\u00f3n que se facilitan desde el portal. Dichas condiciones se exponen a continuaci\u00f3n:<\/p>\n<h4>T\u00e9rminos y condiciones.<\/h4>\n<p>Las presentes condiciones de uso de la p\u00e1gina web, regulan los t\u00e9rminos de acceso y uso de \u201cLa Empresa\u201d. El mero acceso o utilizaci\u00f3n del portal, de todos o parte de sus contenidos y servicios significa la plena aceptaci\u00f3n de las presentes condiciones de uso. La puesta a disposici\u00f3n y el uso del portal se entiende sometida al estricto cumplimiento de los t\u00e9rminos recogidos en las presentes condiciones de uso del portal.<\/p>\n<p>Las presentes condiciones generales de uso del portal regulan el acceso y la utilizaci\u00f3n del portal, incluyendo los contenidos y los servicios puestos a disposici\u00f3n de los usuarios en y\/o a trav\u00e9s del portal, bien por el portal, bien por sus usuarios o por cualquier tercero. No obstante, el acceso y la utilizaci\u00f3n de ciertos contenidos y\/o servicios pueden encontrarse sometidos a determinadas condiciones espec\u00edficas.<\/p>\n<p>La empresa se reserva la facultad de modificar en cualquier momento las condiciones generales de uso del portal. En todo caso, se recomienda que consulte peri\u00f3dicamente las presentes condiciones generales de uso del portal, ya que pueden ser modificadas.<\/p>\n<h4>Obligaciones del usuario.<\/h4>\n<p>El usuario deber\u00e1 respetar en todo momento los t\u00e9rminos y condiciones establecidos en el presente aviso legal. De forma expresa el usuario manifiesta que utilizar\u00e1 el portal de forma diligente y asumiendo cualquier responsabilidad que pudiera derivarse del incumplimiento de las normas.<\/p>\n<p>El usuario se obliga, en aquellos casos que se le soliciten datos o informaci\u00f3n, a no falsear su identidad haci\u00e9ndose pasar por cualquier otra persona. El usuario acepta que la utilizaci\u00f3n del Portal ser\u00e1 efectuada con fines estrictamente personales, privados y particulares. El usuario no podr\u00e1 utilizar el portal para actividades contrarias a la Ley, la moral y el orden p\u00fablico as\u00ed como para finalidades prohibidas o que vulneren o lesionen derechos de terceros. Asimismo, queda prohibida la difusi\u00f3n, almacenamiento y\/o gesti\u00f3n de datos o contenidos que infrinjan derechos de terceros o cualesquiera normativas reguladoras de derechos de propiedad intelectual o industrial.<\/p>\n<p>As\u00ed mismo, el usuario no podr\u00e1 utilizar el portal para transmitir, almacenar, divulgar promover o distribuir datos o contenidos que sean portadores de virus o cualquier otro c\u00f3digo inform\u00e1tico, archivos o programas dise\u00f1ados para interrumpir, destruir o perjudicar el funcionamiento de cualquier programa o equipo inform\u00e1tico o de telecomunicaciones.<\/p>\n<p>El usuario se obliga a indemnizar y a mantener indemnes al portal por cualquier da\u00f1o, perjuicio, sanci\u00f3n, multa, pena o indemnizaci\u00f3n que tenga que hacer frente el portal.<\/p>\n<h4>Protecci\u00f3n de datos.<\/h4>\n<p>En cumplimiento de lo dispuesto en la Ley Org\u00e1nica 15\/1999, de 13 de Diciembre, de Protecci\u00f3n de Datos de Car\u00e1cter Personal (LOPD) se informa al usuario que todos los datos que nos proporcione ser\u00e1n incorporados a un fichero, creado y mantenido bajo la responsabilidad de La empresa, la cual manifiesta que es titular de ficheros con datos de car\u00e1cter personal debidamente inscritos en el Registro General de la Agencia Espa\u00f1ola de Protecci\u00f3n de Datos y que, en virtud de lo establecido en la LOPD, manifiesta que ha obtenido dichos datos de forma legal y cumpliendo las disposiciones establecidas en la normativa de protecci\u00f3n de datos de car\u00e1cter personal.<\/p>\n<p>El encargado del tratamiento \u00fanica y exclusivamente aceder\u00e1 y tratar\u00e1 los datos contenidos en los ficheros conforme a las instrucciones del responsable y \u00fanicamente los utilizar\u00e1 o aplicar\u00e1 para realizar, por cuenta del responsable, los servicios espec\u00edficamente contratados.<\/p>\n<h4>Propiedad intelectual e industrial.<\/h4>\n<p>\u201cLa empresa\u201d es titular de todos los derechos de propiedad intelectual e industrial de su p\u00e1gina web, as\u00ed como de los elementos contenidos en la misma. Todos los derechos est\u00e1n reservados.<\/p>\n<p>En virtud de lo dispuesto en los art\u00edculos 8 y 32.1, p\u00e1rrafo segundo, de la Ley de Propiedad Intelectual, quedan expresamente prohibidas la reproducci\u00f3n, la distribuci\u00f3n y la comunicaci\u00f3n p\u00fablica, incluida su modalidad de puesta a disposici\u00f3n, de la totalidad o parte de los contenidos de esta p\u00e1gina web, con fines comerciales, en cualquier soporte y por cualquier medio t\u00e9cnico, sin la autorizaci\u00f3n de La empresa.<\/p>\n<h4>Responsabilidad.<\/h4>\n<p>El portal no garantiza la disponibilidad continua y permanente de los servicios, quedando de este modo exonerado de cualquier responsabilidad por posibles da\u00f1os y perjuicios causados como consecuencia de la falta de disponibilidad del servicio por motivos de fuerza mayor o errores en las redes telem\u00e1ticas de transferencia de datos, ajenos a su voluntad, o por desconexiones realizadas por trabajos de mejora o mantenimiento de los equipos y sistemas inform\u00e1ticos. En estos casos, el portal har\u00e1 sus mejores esfuerzos para avisar con una antelaci\u00f3n de 24 horas a la interrupci\u00f3n. El portal no ser\u00e1 responsable por la interrupci\u00f3n, suspensi\u00f3n o finalizaci\u00f3n de la informaci\u00f3n o servicios. As\u00ed mismo, no se responsabiliza de las posibles omisiones, p\u00e9rdidas de informaci\u00f3n, datos, configuraciones, accesos indebidos o vulneraci\u00f3n de la confidencialidad que tengan origen en problemas t\u00e9cnicos, de comunicaciones u omisiones humanas, causadas por terceros o no imputables al portal. Tampoco responder\u00e1 de los da\u00f1os producidos por ataques inform\u00e1ticos o causados por virus que afecten a programas inform\u00e1ticos, sistemas de comunicaciones o equipos utilizados por el Portal pero fabricados o facilitados por un tercero. El portal podr\u00e1, a su sola discreci\u00f3n, denegar, retirar, suspender y\/o bloquear en cualquier momento y sin necesidad de previo aviso el acceso a la informaci\u00f3n y servicios a aquellos usuarios que incumplan las presentes normas.<\/p>\n<p>Exceptuando los casos que la Ley imponga expresamente lo contrario, y exclusivamente con la medida y extensi\u00f3n en que lo imponga, la aplicaci\u00f3n no garantiza ni asume responsabilidad alguna respecto a los posibles da\u00f1os y perjuicios causados por el uso y utilizaci\u00f3n de la informaci\u00f3n, datos y servicios del portal.<\/p>\n<p>En todo caso, el portal excluye cualquier responsabilidad por los da\u00f1os y perjuicios que puedan deberse a la informaci\u00f3n y\/o servicios prestados o suministrados por terceros diferentes de la Empresa. Toda la responsabilidad ser\u00e1 del tercero ya sea proveedor, colaborador u otro.<\/p>\n<h4>Pol\u00edtica de Cookies.<\/h4>\n<p>La empresa informa de su pol\u00edtica de <em>cookies<\/em>, cumpliendo as\u00ed con lo previsto en el art\u00edculo 22.2 de la Ley 34\/2002, de 11 de julio de Servicios de la Sociedad de la Informaci\u00f3n y de Comercio Electr\u00f3nico.<\/p>\n<p><em>Cookie<\/em> es un fichero que se descarga en su ordenador al acceder a determinadas p\u00e1ginas web. Las <em>cookies<\/em> permiten a una p\u00e1gina web, entre otras cosas, almacenar y recuperar informaci\u00f3n sobre los h\u00e1bitos de navegaci\u00f3n de un usuario o de su equipo y, dependiendo de la informaci\u00f3n que contengan y de la forma en que utilice su equipo, pueden utilizarse para reconocer al usuario. El navegador del usuario memoriza <em>cookies<\/em> en el disco duro solamente durante la sesi\u00f3n actual ocupando un espacio de memoria m\u00ednimo y no perjudicando su ordenador. Las <em>cookies<\/em> no contienen ninguna clase de informaci\u00f3n personal espec\u00edfica, y la mayor\u00eda de las mismas se borran del disco duro al finalizar la sesi\u00f3n de navegador.<\/p>\n<p>La mayor\u00eda de los navegadores aceptan como est\u00e1ndar a las <em>cookies<\/em> y, con independencia de las mismas, permiten o impiden en los ajustes de seguridad las <em>cookies<\/em> temporales o\u00a0memorizadas.<\/p>\n<p>Sin su consentimiento mediante la activaci\u00f3n de las <em>cookies<\/em> en su navegador, no se enlazar\u00e1 en las <em>cookies<\/em> los datos memorizados con sus datos personales proporcionados en el momento del registro o la compra.<\/p>\n<p>El Usuario acepta expresamente, por la utilizaci\u00f3n de este portal, el tratamiento de la informaci\u00f3n recabada en la forma y con los fines anteriormente mencionados. Y asimismo reconoce conocer la posibilidad de rechazar el tratamiento de tales datos o informaci\u00f3n rechazando el uso de <em>cookies<\/em> mediante la selecci\u00f3n de la configuraci\u00f3n apropiada a tal fin en su navegador. Si bien esta opci\u00f3n de bloqueo de <em>cookies<\/em> en su navegador puede no permitirle el uso pleno de todas las funcionalidades de la web. Puede usted permitir, bloquear o eliminar las<em> cookies<\/em> instaladas en su equipo mediante la configuraci\u00f3n de las opciones del navegador instalado en su ordenador.<\/p>\n<h4>Legislaci\u00f3n aplicable y jurisdicci\u00f3n.<\/h4>\n<p>La relaci\u00f3n entre Empresa y Usuario se regir\u00e1 por la normativa espa\u00f1ola vigente y cualquier controversia se someter\u00e1 a los Juzgados y tribunales de la ciudad de Barcelona.<\/p>\n<\/div>\n<\/div><\/div><\/div><\/div><\/div>","protected":false},"excerpt":{"rendered":"<p>Datos identificativos. En cumplimiento con el deber de informaci\u00f3n recogido en art\u00edculo 10 de la Ley 34\/2002, de 11 de julio, de Servicios de la Sociedad de la Informaci\u00f3n y del Comercio<\/p>\n<a class=\"moretag noptoppad\" href=\"https:\/\/latitudtango.com\/es\/avisos-legales\/\">Read More...<\/a>","protected":false},"author":1,"featured_media":0,"parent":0,"menu_order":0,"comment_status":"closed","ping_status":"closed","template":"","meta":{"ngg_post_thumbnail":0,"footnotes":""},"_links":{"self":[{"href":"https:\/\/latitudtango.com\/es\/wp-json\/wp\/v2\/pages\/2217"}],"collection":[{"href":"https:\/\/latitudtango.com\/es\/wp-json\/wp\/v2\/pages"}],"about":[{"href":"https:\/\/latitudtango.com\/es\/wp-json\/wp\/v2\/types\/page"}],"author":[{"embeddable":true,"href":"https:\/\/latitudtango.com\/es\/wp-json\/wp\/v2\/users\/1"}],"replies":[{"embeddable":true,"href":"https:\/\/latitudtango.com\/es\/wp-json\/wp\/v2\/comments?post=2217"}],"version-history":[{"count":8,"href":"https:\/\/latitudtango.com\/es\/wp-json\/wp\/v2\/pages\/2217\/revisions"}],"predecessor-version":[{"id":2676,"href":"https:\/\/latitudtango.com\/es\/wp-json\/wp\/v2\/pages\/2217\/revisions\/2676"}],"wp:attachment":[{"href":"https:\/\/latitudtango.com\/es\/wp-json\/wp\/v2\/media?parent=2217"}],"curies":[{"name":"wp","href":"https:\/\/api.w.org\/{rel}","templated":true}]}}