{"id":1437,"date":"2018-08-26T09:37:17","date_gmt":"2018-08-26T09:37:17","guid":{"rendered":"https:\/\/latitudtango.com\/?page_id=1437"},"modified":"2018-10-15T13:55:54","modified_gmt":"2018-10-15T13:55:54","slug":"media","status":"publish","type":"page","link":"https:\/\/latitudtango.com\/es\/media\/","title":{"rendered":"media"},"content":{"rendered":"<div id=\"pl-1437\"  class=\"panel-layout\" ><div id=\"pg-1437-0\"  class=\"panel-grid panel-no-style\" ><div id=\"pgc-1437-0-0\"  class=\"panel-grid-cell\" ><div id=\"panel-1437-0-0-0\" class=\"so-panel widget widget_sow-editor panel-first-child panel-last-child\" data-index=\"0\" ><div\n\t\t\t\n\t\t\tclass=\"so-widget-sow-editor so-widget-sow-editor-base\"\n\t\t\t\n\t\t>\n<div class=\"siteorigin-widget-tinymce textwidget\">\n\t<\/p>\n<h1>MATERIAL DID\u00c1CTICO<\/h1>\n<div class=\"tx-divider clearfix\" style=\"margin-top: 1px;margin-bottom: 1px\"><\/div>\n<\/div>\n<\/div><\/div><\/div><\/div><div id=\"pg-1437-1\"  class=\"panel-grid panel-has-style\" ><div id=\"video\" class=\"panel-row-style panel-row-style-for-1437-1\" ><div id=\"pgc-1437-1-0\"  class=\"panel-grid-cell\" ><div class=\"panel-cell-style panel-cell-style-for-1437-1-0\" ><div id=\"panel-1437-1-0-0\" class=\"so-panel widget widget_sow-editor panel-first-child panel-last-child\" data-index=\"1\" ><div id=\"downloads\" class=\"panel-widget-style panel-widget-style-for-1437-1-0-0\" ><div\n\t\t\t\n\t\t\tclass=\"so-widget-sow-editor so-widget-sow-editor-base\"\n\t\t\t\n\t\t>\n<div class=\"siteorigin-widget-tinymce textwidget\">\n\t<h3>DESC\u00c0RREGUES<\/h3>\n<p>Informaci\u00f3n sobre los cursos de la escuela y material extra.<br \/>\nSi tienes qualquier duda, puedes contactar con nosotros en <a class=\"link_normal\" href=\"mailto:contacto@latitudtango.com\">contacto@latitudtango.com<\/a> o bien rellenar el formulario de contacto que encontrar\u00e1s <strong><a class=\"link_normal\" href=\"\/contacte\/\">aqu\u00ed.<\/a><\/strong><\/p>\n<\/div>\n<\/div><\/div><\/div><\/div><\/div><\/div><\/div><div id=\"pg-1437-2\"  class=\"panel-grid panel-no-style\" ><div id=\"pgc-1437-2-0\"  class=\"panel-grid-cell\" ><div id=\"panel-1437-2-0-0\" class=\"so-panel widget widget_sow-editor panel-first-child\" data-index=\"2\" ><div\n\t\t\t\n\t\t\tclass=\"so-widget-sow-editor so-widget-sow-editor-base\"\n\t\t\t\n\t\t>\n<div class=\"siteorigin-widget-tinymce textwidget\">\n\t<p><a href=\"https:\/\/latitudtango.com\/wp-content\/uploads\/pdf\/Latitud_ES.pdf\"><img loading=\"lazy\" decoding=\"async\" class=\"size-full wp-image-1839 alignleft\" src=\"https:\/\/latitudtango.com\/wp-content\/uploads\/2018\/09\/ic-pdf.png\" alt=\"\" width=\"64\" height=\"64\" \/>CURSO Orquesta - Escuela de Tango de Barcelona, documentaci\u00f3n y hoja de inscripci\u00f3n.<br \/>\n<\/a><\/p>\n<\/div>\n<\/div><\/div><div id=\"panel-1437-2-0-1\" class=\"so-panel widget widget_sow-editor panel-last-child\" data-index=\"3\" ><div\n\t\t\t\n\t\t\tclass=\"so-widget-sow-editor so-widget-sow-editor-base\"\n\t\t\t\n\t\t>\n<div class=\"siteorigin-widget-tinymce textwidget\">\n\t<p><a href=\"https:\/\/latitudtango.com\/wp-content\/uploads\/pdf\/Combo_ES.pdf\"><img loading=\"lazy\" decoding=\"async\" class=\"size-full wp-image-1839 alignright\" src=\"https:\/\/latitudtango.com\/wp-content\/uploads\/2018\/09\/ic-pdf.png\" alt=\"\" width=\"64\" height=\"64\" \/>CURSO Combo de Tango.<\/a><\/p>\n<\/div>\n<\/div><\/div><\/div><div id=\"pgc-1437-2-1\"  class=\"panel-grid-cell\" ><div id=\"panel-1437-2-1-0\" class=\"so-panel widget widget_sow-editor panel-first-child\" data-index=\"4\" ><div\n\t\t\t\n\t\t\tclass=\"so-widget-sow-editor so-widget-sow-editor-base\"\n\t\t\t\n\t\t>\n<div class=\"siteorigin-widget-tinymce textwidget\">\n\t<p><a href=\"https:\/\/latitudtango.com\/wp-content\/uploads\/pdf\/Grupoguitarras_ES.pdf\"><img loading=\"lazy\" decoding=\"async\" class=\"size-full wp-image-1839 alignright\" src=\"https:\/\/latitudtango.com\/wp-content\/uploads\/2018\/09\/ic-pdf.png\" alt=\"\" width=\"64\" height=\"64\" \/>CURSO Grupo de guitarras<\/a><\/p>\n<\/div>\n<\/div><\/div><div id=\"panel-1437-2-1-1\" class=\"so-panel widget widget_sow-editor panel-last-child\" data-index=\"5\" ><div\n\t\t\t\n\t\t\tclass=\"so-widget-sow-editor so-widget-sow-editor-base\"\n\t\t\t\n\t\t>\n<div class=\"siteorigin-widget-tinymce textwidget\">\n\t<p><a href=\"https:\/\/latitudtango.com\/wp-content\/uploads\/pdf\/9_puntos_web.pdf\"><img loading=\"lazy\" decoding=\"async\" class=\"size-full wp-image-1839 alignright\" src=\"https:\/\/latitudtango.com\/wp-content\/uploads\/2018\/09\/ic-pdf.png\" alt=\"\" width=\"64\" height=\"64\" \/>Partitura \"9 puntos\"<\/a><\/p>\n<\/div>\n<\/div><\/div><\/div><\/div><\/div>","protected":false},"excerpt":{"rendered":"<p>MATERIAL DID\u00c1CTICO DESC\u00c0RREGUES Informaci\u00f3n sobre los cursos de la escuela y material extra. Si tienes qualquier duda, puedes contactar con nosotros en contacto@latitudtango.com o bien rellenar el formulario de contacto que encontrar\u00e1s<\/p>\n<a class=\"moretag noptoppad\" href=\"https:\/\/latitudtango.com\/es\/media\/\">Read More...<\/a>","protected":false},"author":1,"featured_media":0,"parent":0,"menu_order":0,"comment_status":"closed","ping_status":"closed","template":"","meta":{"ngg_post_thumbnail":0,"footnotes":""},"_links":{"self":[{"href":"https:\/\/latitudtango.com\/es\/wp-json\/wp\/v2\/pages\/1437"}],"collection":[{"href":"https:\/\/latitudtango.com\/es\/wp-json\/wp\/v2\/pages"}],"about":[{"href":"https:\/\/latitudtango.com\/es\/wp-json\/wp\/v2\/types\/page"}],"author":[{"embeddable":true,"href":"https:\/\/latitudtango.com\/es\/wp-json\/wp\/v2\/users\/1"}],"replies":[{"embeddable":true,"href":"https:\/\/latitudtango.com\/es\/wp-json\/wp\/v2\/comments?post=1437"}],"version-history":[{"count":106,"href":"https:\/\/latitudtango.com\/es\/wp-json\/wp\/v2\/pages\/1437\/revisions"}],"predecessor-version":[{"id":3268,"href":"https:\/\/latitudtango.com\/es\/wp-json\/wp\/v2\/pages\/1437\/revisions\/3268"}],"wp:attachment":[{"href":"https:\/\/latitudtango.com\/es\/wp-json\/wp\/v2\/media?parent=1437"}],"curies":[{"name":"wp","href":"https:\/\/api.w.org\/{rel}","templated":true}]}}