{"id":132,"date":"2013-12-28T17:06:23","date_gmt":"2013-12-28T17:06:23","guid":{"rendered":"http:\/\/localhost\/wordpress\/?page_id=132"},"modified":"2024-04-22T16:46:20","modified_gmt":"2024-04-22T16:46:20","slug":"contacte","status":"publish","type":"page","link":"https:\/\/latitudtango.com\/es\/contacte\/","title":{"rendered":"contacto"},"content":{"rendered":"<div id=\"pl-132\"  class=\"panel-layout\" ><div id=\"pg-132-0\"  class=\"panel-grid panel-no-style\" ><div id=\"pgc-132-0-0\"  class=\"panel-grid-cell\" ><div><div class=\"tx-heading\" style=\"margin-bottom:16px; text-align: left;\"><h2 class=\"tx-heading-tag\" style=\"font-size:36px;\">Formulari de contacte<\/h2><\/div><\/div><\/div><\/div><div id=\"pg-132-1\"  class=\"panel-grid panel-no-style\" ><div id=\"pgc-132-1-0\"  class=\"panel-grid-cell\" ><div id=\"panel-132-1-0-0\" class=\"so-panel widget widget_sow-editor panel-first-child panel-last-child\" data-index=\"1\" ><div\n\t\t\t\n\t\t\tclass=\"so-widget-sow-editor so-widget-sow-editor-base\"\n\t\t\t\n\t\t>\n<div class=\"siteorigin-widget-tinymce textwidget\">\n\t\n<div class=\"wpcf7 no-js\" id=\"wpcf7-f1272-o1\" lang=\"es-ES\" dir=\"ltr\">\n<div class=\"screen-reader-response\"><p role=\"status\" aria-live=\"polite\" aria-atomic=\"true\"><\/p> <ul><\/ul><\/div>\n<form action=\"\/es\/wp-json\/wp\/v2\/pages\/132#wpcf7-f1272-o1\" method=\"post\" class=\"wpcf7-form init\" aria-label=\"Formulario de contacto\" novalidate=\"novalidate\" data-status=\"init\">\n<div style=\"display: none;\">\n<input type=\"hidden\" name=\"_wpcf7\" value=\"1272\" \/>\n<input type=\"hidden\" name=\"_wpcf7_version\" value=\"5.9.8\" \/>\n<input type=\"hidden\" name=\"_wpcf7_locale\" value=\"es_ES\" \/>\n<input type=\"hidden\" name=\"_wpcf7_unit_tag\" value=\"wpcf7-f1272-o1\" \/>\n<input type=\"hidden\" name=\"_wpcf7_container_post\" value=\"0\" \/>\n<input type=\"hidden\" name=\"_wpcf7_posted_data_hash\" value=\"\" \/>\n<input type=\"hidden\" name=\"lang\" value=\"es\" \/>\n<input type=\"hidden\" name=\"_wpcf7_recaptcha_response\" value=\"\" \/>\n<\/div>\n<p><label> Tu nombre (requerido)<br \/>\n<span class=\"wpcf7-form-control-wrap\" data-name=\"your-name\"><input size=\"40\" maxlength=\"400\" class=\"wpcf7-form-control wpcf7-text wpcf7-validates-as-required\" aria-required=\"true\" aria-invalid=\"false\" value=\"\" type=\"text\" name=\"your-name\" \/><\/span> <\/label>\n<\/p>\n<p><label> Tu correo electr\u00f3nico (requerido)<br \/>\n<span class=\"wpcf7-form-control-wrap\" data-name=\"your-email\"><input size=\"40\" maxlength=\"400\" class=\"wpcf7-form-control wpcf7-email wpcf7-validates-as-required wpcf7-text wpcf7-validates-as-email\" aria-required=\"true\" aria-invalid=\"false\" value=\"\" type=\"email\" name=\"your-email\" \/><\/span> <\/label>\n<\/p>\n<p><label> Tu tel\u00e9fono (requerido)<br \/>\n<span class=\"wpcf7-form-control-wrap\" data-name=\"your_phone\"><input size=\"40\" maxlength=\"400\" class=\"wpcf7-form-control wpcf7-tel wpcf7-validates-as-required wpcf7-text wpcf7-validates-as-tel\" aria-required=\"true\" aria-invalid=\"false\" value=\"\" type=\"tel\" name=\"your_phone\" \/><\/span> <\/label>\n<\/p>\n<p><label> Asunto (requerido)<br \/>\n<span class=\"wpcf7-form-control-wrap\" data-name=\"your-subject\"><input size=\"40\" maxlength=\"400\" class=\"wpcf7-form-control wpcf7-text wpcf7-validates-as-required\" aria-required=\"true\" aria-invalid=\"false\" value=\"\" type=\"text\" name=\"your-subject\" \/><\/span> <\/label>\n<\/p>\n<p><label> Tu mensaje (requerido)<br \/>\n<span class=\"wpcf7-form-control-wrap\" data-name=\"your-message\"><textarea cols=\"40\" rows=\"10\" maxlength=\"2000\" class=\"wpcf7-form-control wpcf7-textarea wpcf7-validates-as-required\" aria-required=\"true\" aria-invalid=\"false\" name=\"your-message\"><\/textarea><\/span> <\/label>\n<\/p>\n<p><span><span class=\"wpcf7-form-control-wrap\" data-name=\"acceptance-279\"><span class=\"wpcf7-form-control wpcf7-acceptance\"><span class=\"wpcf7-list-item\"><input type=\"checkbox\" name=\"acceptance-279\" value=\"1\" aria-invalid=\"false\" \/><\/span><\/span><\/span> He le\u00eddo y acepto el <a target=\"_blank\" rel=\"nofollow noopener noreferrer\" href=\"https:\/\/latitudtango.com\/avisos-legales\">Aviso Legal<\/a> y la <a target=\"_blank\" rel=\"nofollow noopener noreferrer\" href=\"https:\/\/latitudtango.com\/politica-de-privacidad\">Pol\u00edtica de Privacidad<\/a>.<\/span>\n<\/p>\n<p><span><span class=\"wpcf7-form-control-wrap\" data-name=\"acceptance-415\"><span class=\"wpcf7-form-control wpcf7-acceptance\"><span class=\"wpcf7-list-item\"><input type=\"checkbox\" name=\"acceptance-415\" value=\"1\" aria-invalid=\"false\" \/><\/span><\/span><\/span> Acepto recibir la informaci\u00f3n que la entidad considere oportuno enviarme por correo electr\u00f3nico o medio de comunicaci\u00f3n electr\u00f3nica equivalente. (Es posible darse de baja en cualquier momento).<\/span>\n<\/p>\n<p><input class=\"wpcf7-form-control wpcf7-submit has-spinner\" type=\"submit\" value=\"Enviar\" \/>\n<\/p><div class=\"wpcf7-response-output\" aria-hidden=\"true\"><\/div>\n<\/form>\n<\/div>\n\n<\/div>\n<\/div><\/div><\/div><div id=\"pgc-132-1-1\"  class=\"panel-grid-cell panel-grid-cell-empty\" ><div class=\"panel-cell-style panel-cell-style-for-132-1-1\" ><\/div><\/div><div id=\"pgc-132-1-2\"  class=\"panel-grid-cell\" ><div id=\"panel-132-1-2-0\" class=\"so-panel widget widget_sow-editor panel-first-child panel-last-child\" data-index=\"2\" ><div\n\t\t\t\n\t\t\tclass=\"so-widget-sow-editor so-widget-sow-editor-base\"\n\t\t\t\n\t\t>\n<div class=\"siteorigin-widget-tinymce textwidget\">\n\t<p>Puedes contactarnos a trav\u00e9s de <a href=\"mailto:info@latitudtango.com\">info@latitudtango.com<\/a>, o bien llenar el formulario de contacto que aparece a continuaci\u00f3n.<br \/>\nA la mayor brevedad te responderemos con mucho gusto por este mismo medio.<\/p>\n<p>Si lo que deseas es inscribirte en alguno de nuestros cursos, utiliza el formulario de la p\u00e1gina de \"<strong>inscripciones<\/strong>\" que encontrar\u00e1s <a href=\"https:\/\/latitudtango.com\/inscripcion\/\"><strong>aqu\u00ed<\/strong><\/a>.<\/p>\n<p>&nbsp;<\/p>\n<\/div>\n<\/div><\/div><\/div><\/div><\/div>","protected":false},"excerpt":{"rendered":"<p>Puedes contactarnos a trav\u00e9s de info@latitudtango.com, o bien llenar el formulario de contacto que aparece a continuaci\u00f3n. A la mayor brevedad te responderemos con mucho gusto por este mismo medio. Si lo<\/p>\n<a class=\"moretag noptoppad\" href=\"https:\/\/latitudtango.com\/es\/contacte\/\">Read More...<\/a>","protected":false},"author":1,"featured_media":0,"parent":0,"menu_order":0,"comment_status":"closed","ping_status":"closed","template":"","meta":{"ngg_post_thumbnail":0,"footnotes":""},"_links":{"self":[{"href":"https:\/\/latitudtango.com\/es\/wp-json\/wp\/v2\/pages\/132"}],"collection":[{"href":"https:\/\/latitudtango.com\/es\/wp-json\/wp\/v2\/pages"}],"about":[{"href":"https:\/\/latitudtango.com\/es\/wp-json\/wp\/v2\/types\/page"}],"author":[{"embeddable":true,"href":"https:\/\/latitudtango.com\/es\/wp-json\/wp\/v2\/users\/1"}],"replies":[{"embeddable":true,"href":"https:\/\/latitudtango.com\/es\/wp-json\/wp\/v2\/comments?post=132"}],"version-history":[{"count":35,"href":"https:\/\/latitudtango.com\/es\/wp-json\/wp\/v2\/pages\/132\/revisions"}],"predecessor-version":[{"id":3899,"href":"https:\/\/latitudtango.com\/es\/wp-json\/wp\/v2\/pages\/132\/revisions\/3899"}],"wp:attachment":[{"href":"https:\/\/latitudtango.com\/es\/wp-json\/wp\/v2\/media?parent=132"}],"curies":[{"name":"wp","href":"https:\/\/api.w.org\/{rel}","templated":true}]}}