{"id":1009,"date":"2016-08-22T09:21:21","date_gmt":"2016-08-22T09:21:21","guid":{"rendered":"http:\/\/templatesnext.in\/demo\/index.php\/home\/"},"modified":"2024-09-02T10:35:11","modified_gmt":"2024-09-02T10:35:11","slug":"home","status":"publish","type":"page","link":"https:\/\/latitudtango.com\/es\/","title":{"rendered":"home page"},"content":{"rendered":"<div id=\"pl-1009\"  class=\"panel-layout\" ><div id=\"pg-1009-0\"  class=\"panel-grid panel-has-style\" ><div id=\"presentacio\" class=\"panel-row-style panel-row-style-for-1009-0\" ><div id=\"pgc-1009-0-0\"  class=\"panel-grid-cell\" ><div id=\"panel-1009-0-0-0\" class=\"so-panel widget widget_sow-editor panel-first-child panel-last-child\" data-index=\"0\" ><div id=\"orquestra\" class=\"panel-widget-style panel-widget-style-for-1009-0-0-0\" ><div\n\t\t\t\n\t\t\tclass=\"so-widget-sow-editor so-widget-sow-editor-base\"\n\t\t\t\n\t\t>\n<div class=\"siteorigin-widget-tinymce textwidget\">\n\t<\/p>\n<h2>PRESENTACI\u00d3N DE LA ENTIDAD<\/h2>\n<div class=\"tx-divider clearfix\" style=\"margin-top: 1px;margin-bottom: 1px\"><\/div>\n<\/div>\n<\/div><\/div><\/div><\/div><\/div><\/div><div id=\"pg-1009-1\"  class=\"panel-grid panel-has-style\" ><div class=\"siteorigin-panels-stretch panel-row-style panel-row-style-for-1009-1\" data-stretch-type=\"full\" ><div id=\"pgc-1009-1-0\"  class=\"panel-grid-cell\" ><div id=\"panel-1009-1-0-0\" class=\"so-panel widget widget_sow-editor panel-first-child panel-last-child\" data-index=\"1\" ><div\n\t\t\t\n\t\t\tclass=\"so-widget-sow-editor so-widget-sow-editor-base\"\n\t\t\t\n\t\t>\n<div class=\"siteorigin-widget-tinymce textwidget\">\n\t<p>La asociaci\u00f3n <strong>Orquesta de Tango de Barcelona<\/strong>, \u200b\u200b<strong>\"Latitud Tango\"<\/strong> nace en agosto de 2007 con el inter\u00e9s principal de poder dar formaci\u00f3n e interpretar el estilo del tango a nivel orquestal. Est\u00e1 formada por un grupo de m\u00fasicos amateurs de diferentes nacionalidades (principalmente de origen catal\u00e1n y argentino, aunque todos\/as viven en Catalu\u00f1a) que se han unido con un \u00fanico inter\u00e9s y es el de acercarse al mundo de las orquestas t\u00edpicas y de los or\u00edgenes y la cultura del tango desde una de las vertientes m\u00e1s importantes que es a trav\u00e9s de su m\u00fasica. Tiene como objetivos principales difundir el tango instrumental argentino y fomentar el intercambio cultural argentino-catal\u00e1n.<\/p>\n<\/div>\n<\/div><\/div><\/div><div id=\"pgc-1009-1-1\"  class=\"panel-grid-cell\" ><div id=\"panel-1009-1-1-0\" class=\"so-panel widget widget_sow-image panel-first-child panel-last-child\" data-index=\"2\" ><div\n\t\t\t\n\t\t\tclass=\"so-widget-sow-image so-widget-sow-image-default-8b5b6f678277-1009\"\n\t\t\t\n\t\t>\n<div class=\"sow-image-container\">\n\t\t<img \n\tsrc=\"https:\/\/latitudtango.com\/wp-content\/uploads\/2018\/08\/old_tango_2.jpg\" width=\"604\" height=\"357\" srcset=\"https:\/\/latitudtango.com\/wp-content\/uploads\/2018\/08\/old_tango_2.jpg 640w, https:\/\/latitudtango.com\/wp-content\/uploads\/2018\/08\/old_tango_2-300x177.jpg 300w\" sizes=\"(max-width: 604px) 100vw, 604px\" alt=\"\" \t\tclass=\"so-widget-image\"\/>\n\t<\/div>\n\n<\/div><\/div><\/div><\/div><\/div><div id=\"pg-1009-2\"  class=\"panel-grid panel-no-style\" ><div id=\"pgc-1009-2-0\"  class=\"panel-grid-cell\" ><div id=\"panel-1009-2-0-0\" class=\"so-panel widget widget_sow-editor panel-first-child panel-last-child\" data-index=\"3\" ><div id=\"orquestra\" class=\"panel-widget-style panel-widget-style-for-1009-2-0-0\" ><div\n\t\t\t\n\t\t\tclass=\"so-widget-sow-editor so-widget-sow-editor-base\"\n\t\t\t\n\t\t>\n<div class=\"siteorigin-widget-tinymce textwidget\">\n\t<\/p>\n<h2>Historia de nuestra entidad.<\/h2>\n<div class=\"tx-divider clearfix\" style=\"margin-top: 1px;margin-bottom: 1px\"><\/div>\n<\/div>\n<\/div><\/div><\/div><\/div><\/div><div id=\"pg-1009-3\"  class=\"panel-grid panel-has-style\" ><div class=\"siteorigin-panels-stretch panel-row-style panel-row-style-for-1009-3\" data-stretch-type=\"full\" ><div id=\"pgc-1009-3-0\"  class=\"panel-grid-cell\" ><div id=\"panel-1009-3-0-0\" class=\"so-panel widget widget_sow-image panel-first-child panel-last-child\" data-index=\"4\" ><div\n\t\t\t\n\t\t\tclass=\"so-widget-sow-image so-widget-sow-image-default-8b5b6f678277-1009\"\n\t\t\t\n\t\t>\n<div class=\"sow-image-container\">\n\t\t<img \n\tsrc=\"https:\/\/latitudtango.com\/wp-content\/uploads\/2018\/09\/componentes1.jpg\" width=\"1200\" height=\"687\" srcset=\"https:\/\/latitudtango.com\/wp-content\/uploads\/2018\/09\/componentes1.jpg 1200w, https:\/\/latitudtango.com\/wp-content\/uploads\/2018\/09\/componentes1-300x172.jpg 300w, https:\/\/latitudtango.com\/wp-content\/uploads\/2018\/09\/componentes1-768x440.jpg 768w, https:\/\/latitudtango.com\/wp-content\/uploads\/2018\/09\/componentes1-1024x586.jpg 1024w\" sizes=\"(max-width: 1200px) 100vw, 1200px\" alt=\"\" \t\tclass=\"so-widget-image\"\/>\n\t<\/div>\n\n<\/div><\/div><\/div><div id=\"pgc-1009-3-1\"  class=\"panel-grid-cell\" ><div id=\"panel-1009-3-1-0\" class=\"so-panel widget widget_sow-editor panel-first-child panel-last-child\" data-index=\"5\" ><div\n\t\t\t\n\t\t\tclass=\"so-widget-sow-editor so-widget-sow-editor-base\"\n\t\t\t\n\t\t>\n<div class=\"siteorigin-widget-tinymce textwidget\">\n\t<p>Desde septiembre de 2007 que ofrecemos cursos para la formaci\u00f3n del tango instrumental as\u00ed como hemos realizado conciertos e intercambios a nivel internacional con la Orquesta de Tango de Par\u00eds, a trav\u00e9s de la Asociaci\u00f3n Octaedre.<\/p>\n<p>La finalidad de crear una Orquesta-escuela de Tango en Barcelona vino dada por la necesidad de poder ofrecer de manera estable una oferta formativa, cultural y musical que no existe y que es innovadora en Catalu\u00f1a. Ya que tanto el que es el baile del tango como las formaciones de peque\u00f1os grupos s\u00ed son habituales de encontrar, pero no una Orquesta. Para conseguirlo ha sido clave el v\u00ednculo con la hom\u00f3loga francesa octaedro (<a href=\"http:\/\/www.octaedre-tango.com\">www.octaedre-tango.com<\/a>), asociaci\u00f3n especializada en la organizaci\u00f3n de estancias musicales de tango y folklore argentino desde 1997 y fundadora de Orquestas-escuelas que funcionan en Par\u00eds, Marsella, y Toulouse desde el a\u00f1o 2003.<\/p>\n<p>Ofrecemos cursos de arreglos para tango, cursos de canto, cursos de guitarra de tango y tambi\u00e9n se ha creado dos agrupaciones m\u00e1s peque\u00f1a formada por cinco miembros, los \"quinteto\".<\/p>\n<p>La asociaci\u00f3n est\u00e1 abierta a todo m\u00fasico, nivel inicial, intermedio o profesional que toque cualquier instrumento y que est\u00e9 interesado en tocar y aprender el estilo del tango a trav\u00e9s del intercambio y experiencias de los profesores \/ as y de los propios participantes.<\/p>\n<\/div>\n<\/div><\/div><\/div><\/div><\/div><div id=\"pg-1009-4\"  class=\"panel-grid panel-has-style\" ><div id=\"objectius\" class=\"panel-row-style panel-row-style-for-1009-4\" ><div id=\"pgc-1009-4-0\"  class=\"panel-grid-cell\" ><div id=\"panel-1009-4-0-0\" class=\"so-panel widget widget_sow-editor panel-first-child panel-last-child\" data-index=\"6\" ><div id=\"orquestra\" class=\"panel-widget-style panel-widget-style-for-1009-4-0-0\" ><div\n\t\t\t\n\t\t\tclass=\"so-widget-sow-editor so-widget-sow-editor-base\"\n\t\t\t\n\t\t>\n<div class=\"siteorigin-widget-tinymce textwidget\">\n\t<\/p>\n<h2>OBJETIVOS<\/h2>\n<div class=\"tx-divider clearfix\" style=\"margin-top: 1px;margin-bottom: 1px\"><\/div>\n<\/div>\n<\/div><\/div><\/div><\/div><\/div><\/div><div id=\"pg-1009-5\"  class=\"panel-grid panel-no-style\" ><div id=\"pgc-1009-5-0\"  class=\"panel-grid-cell\" ><div id=\"panel-1009-5-0-0\" class=\"so-panel widget widget_sow-editor panel-first-child panel-last-child\" data-index=\"7\" ><div\n\t\t\t\n\t\t\tclass=\"so-widget-sow-editor so-widget-sow-editor-base\"\n\t\t\t\n\t\t>\n<div class=\"siteorigin-widget-tinymce textwidget\">\n\t<h4 style=\"text-align: left;\">\u00bfQu\u00e9 ofrecemos?<\/h4>\n<p>Uno de los objetivos de la asociaci\u00f3n es la FORMACI\u00d3N. Cada a\u00f1o iniciamos un curso abierto a TODOS los que est\u00e9n interesados en aprender la t\u00e9cnica del tango a trav\u00e9s de los instrumentos que forman parte de una orquesta.<br \/>\nEl curso pretende acercar a m\u00fasicos de nivel medio y superior, no necesariamente que toquen este estilo, los fundamentos te\u00f3ricos del tango, y a partir de estos elementos realizar una interpretaci\u00f3n individual y grupal dentro del estilo.<br \/>\nLos objetivos del curso son aprender las t\u00e9cnicas y los recursos del estilo del tango, la pr\u00e1ctica de todos sus elementos musicales y finalmente, que a trav\u00e9s del aprendizaje individual de cada instrumento puedan aprender a tocar en grupo.<\/p>\n<\/div>\n<\/div><\/div><\/div><div id=\"pgc-1009-5-1\"  class=\"panel-grid-cell\" ><div id=\"panel-1009-5-1-0\" class=\"so-panel widget widget_sow-image panel-first-child panel-last-child\" data-index=\"8\" ><div\n\t\t\t\n\t\t\tclass=\"so-widget-sow-image so-widget-sow-image-default-8b5b6f678277-1009\"\n\t\t\t\n\t\t>\n<div class=\"sow-image-container\">\n\t\t<img \n\tsrc=\"https:\/\/latitudtango.com\/wp-content\/uploads\/2018\/09\/10515223_875032759203992_759071303603081434_o.jpg\" width=\"1280\" height=\"960\" srcset=\"https:\/\/latitudtango.com\/wp-content\/uploads\/2018\/09\/10515223_875032759203992_759071303603081434_o.jpg 1280w, https:\/\/latitudtango.com\/wp-content\/uploads\/2018\/09\/10515223_875032759203992_759071303603081434_o-300x225.jpg 300w, https:\/\/latitudtango.com\/wp-content\/uploads\/2018\/09\/10515223_875032759203992_759071303603081434_o-768x576.jpg 768w, https:\/\/latitudtango.com\/wp-content\/uploads\/2018\/09\/10515223_875032759203992_759071303603081434_o-1024x768.jpg 1024w\" sizes=\"(max-width: 1280px) 100vw, 1280px\" alt=\"\" \t\tclass=\"so-widget-image\"\/>\n\t<\/div>\n\n<\/div><\/div><\/div><\/div><div id=\"pg-1009-6\"  class=\"panel-grid panel-no-style\" ><div id=\"pgc-1009-6-0\"  class=\"panel-grid-cell\" ><div id=\"panel-1009-6-0-0\" class=\"so-panel widget widget_sow-editor panel-first-child panel-last-child\" data-index=\"9\" ><div\n\t\t\t\n\t\t\tclass=\"so-widget-sow-editor so-widget-sow-editor-base\"\n\t\t\t\n\t\t>\n<div class=\"siteorigin-widget-tinymce textwidget\">\n\t<div class=\"tx-service square\" style=\"\"><div class=\"tx-service-icon\"><span><i class=\"fa fa-star-o\"><\/i><\/span><\/div><div class=\"tx-service-title\">Promover<\/div><div class=\"tx-service-text\">Promover y difundir el Tango orquestal en Barcelona y por extensi\u00f3n en Catalunya y al resto de Europa.<\/div><\/div>\n<\/div>\n<\/div><\/div><\/div><div id=\"pgc-1009-6-1\"  class=\"panel-grid-cell\" ><div id=\"panel-1009-6-1-0\" class=\"so-panel widget widget_sow-editor panel-first-child panel-last-child\" data-index=\"10\" ><div\n\t\t\t\n\t\t\tclass=\"so-widget-sow-editor so-widget-sow-editor-base\"\n\t\t\t\n\t\t>\n<div class=\"siteorigin-widget-tinymce textwidget\">\n\t<div class=\"tx-service square\" style=\"\"><div class=\"tx-service-icon\"><span><i class=\"fa fa-mortar-board\"><\/i><\/span><\/div><div class=\"tx-service-title\">Formarse<\/div><div class=\"tx-service-text\">Formarse de los conocimientos musicales b\u00e1sicos, nivel medio y alto de tango para todos los instrumentos.<\/div><\/div>\n<\/div>\n<\/div><\/div><\/div><div id=\"pgc-1009-6-2\"  class=\"panel-grid-cell\" ><div id=\"panel-1009-6-2-0\" class=\"so-panel widget widget_sow-editor panel-first-child panel-last-child\" data-index=\"11\" ><div\n\t\t\t\n\t\t\tclass=\"so-widget-sow-editor so-widget-sow-editor-base\"\n\t\t\t\n\t\t>\n<div class=\"siteorigin-widget-tinymce textwidget\">\n\t<div class=\"tx-service square\" style=\"\"><div class=\"tx-service-icon\"><span><i class=\"fa fa-microphone\"><\/i><\/span><\/div><div class=\"tx-service-title\">Conciertos<\/div><div class=\"tx-service-text\">Realizar ciclos de conciertos para dar a conocer la ciudad de Barcelona a trav\u00e9s de la m\u00fasica del tango.<\/div><\/div>\n<\/div>\n<\/div><\/div><\/div><div id=\"pgc-1009-6-3\"  class=\"panel-grid-cell\" ><div id=\"panel-1009-6-3-0\" class=\"so-panel widget widget_sow-editor panel-first-child panel-last-child\" data-index=\"12\" ><div\n\t\t\t\n\t\t\tclass=\"so-widget-sow-editor so-widget-sow-editor-base\"\n\t\t\t\n\t\t>\n<div class=\"siteorigin-widget-tinymce textwidget\">\n\t<div class=\"tx-service square\" style=\"\"><div class=\"tx-service-icon\"><span><i class=\"fa fa-group\"><\/i><\/span><\/div><div class=\"tx-service-title\">Incentivar<\/div><div class=\"tx-service-text\">Incentivar y fomentar la m\u00fasica del tango especialmente entre el colectivo de j\u00f3venes de Catalunya.<\/div><\/div>\n<\/div>\n<\/div><\/div><\/div><div id=\"pgc-1009-6-4\"  class=\"panel-grid-cell\" ><div id=\"panel-1009-6-4-0\" class=\"so-panel widget widget_sow-editor panel-first-child panel-last-child\" data-index=\"13\" ><div\n\t\t\t\n\t\t\tclass=\"so-widget-sow-editor so-widget-sow-editor-base\"\n\t\t\t\n\t\t>\n<div class=\"siteorigin-widget-tinymce textwidget\">\n\t<div class=\"tx-service square\" style=\"\"><div class=\"tx-service-icon\"><span><i class=\"fa fa-globe\"><\/i><\/span><\/div><div class=\"tx-service-title\">Intercambio<\/div><div class=\"tx-service-text\">Fomentar el intercambio de la cultura Catalana y Argentina.<\/div><\/div>\n<\/div>\n<\/div><\/div><\/div><\/div><\/div>","protected":false},"excerpt":{"rendered":"<p>PRESENTACI\u00d3N DE LA ENTIDAD La asociaci\u00f3n Orquesta de Tango de Barcelona, \u200b\u200b&#8221;Latitud Tango&#8221; nace en agosto de 2007 con el inter\u00e9s principal de poder dar formaci\u00f3n e interpretar el estilo del tango<\/p>\n<a class=\"moretag noptoppad\" href=\"https:\/\/latitudtango.com\/es\/\">Read More...<\/a>","protected":false},"author":1,"featured_media":0,"parent":0,"menu_order":0,"comment_status":"closed","ping_status":"closed","template":"","meta":{"ngg_post_thumbnail":0,"footnotes":""},"_links":{"self":[{"href":"https:\/\/latitudtango.com\/es\/wp-json\/wp\/v2\/pages\/1009"}],"collection":[{"href":"https:\/\/latitudtango.com\/es\/wp-json\/wp\/v2\/pages"}],"about":[{"href":"https:\/\/latitudtango.com\/es\/wp-json\/wp\/v2\/types\/page"}],"author":[{"embeddable":true,"href":"https:\/\/latitudtango.com\/es\/wp-json\/wp\/v2\/users\/1"}],"replies":[{"embeddable":true,"href":"https:\/\/latitudtango.com\/es\/wp-json\/wp\/v2\/comments?post=1009"}],"version-history":[{"count":240,"href":"https:\/\/latitudtango.com\/es\/wp-json\/wp\/v2\/pages\/1009\/revisions"}],"predecessor-version":[{"id":3261,"href":"https:\/\/latitudtango.com\/es\/wp-json\/wp\/v2\/pages\/1009\/revisions\/3261"}],"wp:attachment":[{"href":"https:\/\/latitudtango.com\/es\/wp-json\/wp\/v2\/media?parent=1009"}],"curies":[{"name":"wp","href":"https:\/\/api.w.org\/{rel}","templated":true}]}}