{"id":3315,"date":"2018-10-16T11:40:59","date_gmt":"2018-10-16T11:40:59","guid":{"rendered":"https:\/\/latitudtango.com\/?page_id=3315"},"modified":"2025-07-18T09:42:25","modified_gmt":"2025-07-18T09:42:25","slug":"loscursos","status":"publish","type":"page","link":"https:\/\/latitudtango.com\/en\/loscursos\/","title":{"rendered":"COURSES"},"content":{"rendered":"<div id=\"pl-3315\"  class=\"panel-layout\" ><div id=\"pg-3315-0\"  class=\"panel-grid panel-has-style\" ><div id=\"orquestra\" class=\"panel-row-style panel-row-style-for-3315-0\" ><div id=\"pgc-3315-0-0\"  class=\"panel-grid-cell\" ><div id=\"panel-3315-0-0-0\" class=\"so-panel widget widget_sow-editor panel-first-child panel-last-child\" data-index=\"0\" ><div\n\t\t\t\n\t\t\tclass=\"so-widget-sow-editor so-widget-sow-editor-base\"\n\t\t\t\n\t\t>\n<div class=\"siteorigin-widget-tinymce textwidget\">\n\t<\/p>\n<h1>The school courses<\/h1>\n<div class=\"tx-divider clearfix\" style=\"margin-top: 1px;margin-bottom: 1px\"><\/div>\n<p>We offer courses for arrangements for tango, singing courses, tango guitar courses and also has created two smaller groups consisting of five members, the \"quintet.\"<\/p>\n<p>The association is open to any musician, initial, intermediate or professional level that touches any instrument and is interested in playing and learning the style of tango through the exchange and experiences of teachers and their own participants.<\/p>\n<div class=\"tx-col-1-2\">\n<ul>\n<li><a href=\"#orquestra\">The typical orchestra<\/a><\/li>\n<li><a href=\"#combo\">The combo<\/a><\/li>\n<li><a href=\"#guitarres\">Grup of guitars<\/a><\/li>\n<\/ul>\n<\/div>\n<div class=\"tx-col-1-2\">\n<ul>\n<li><a href=\"#arranjaments\">Arrangements<\/a><\/li>\n<li><a href=\"#harmonia\">Harmony<\/a><\/li>\n<li><a href=\"#cant\">Singing<\/a><\/li>\n<li><a href=\"#seminaris\">Special seminars<\/a><\/li>\n<\/ul>\n<\/div>\n<p>\n<\/div>\n<\/div><\/div><\/div><\/div><\/div><div id=\"pg-3315-1\"  class=\"panel-grid panel-no-style\" ><div id=\"pgc-3315-1-0\"  class=\"panel-grid-cell\" ><div id=\"panel-3315-1-0-0\" class=\"so-panel widget widget_sow-editor panel-first-child\" data-index=\"1\" ><div id=\"orquestra\" class=\"panel-widget-style panel-widget-style-for-3315-1-0-0\" ><div\n\t\t\t\n\t\t\tclass=\"so-widget-sow-editor so-widget-sow-editor-base\"\n\t\t\t\n\t\t>\n<div class=\"siteorigin-widget-tinymce textwidget\">\n\t<h2><b class=\"b1\">T<\/b><b class=\"b2\">he typica<\/b><b class=\"b3\">l orchestra<\/b><\/h2>\n<div class=\"tx-divider clearfix\" style=\"margin-top: 1px;margin-bottom: 1px\"><\/div>\n<\/div>\n<\/div><\/div><\/div><div id=\"panel-3315-1-0-1\" class=\"so-panel widget widget_sow-image\" data-index=\"2\" ><div\n\t\t\t\n\t\t\tclass=\"so-widget-sow-image so-widget-sow-image-default-8b5b6f678277-3315\"\n\t\t\t\n\t\t>\n<div class=\"sow-image-container\">\n\t\t<img \n\tsrc=\"https:\/\/latitudtango.com\/wp-content\/uploads\/2018\/09\/17620159_1873986669540012_2580630770389721373_o-e1539712554823.jpg\" width=\"998\" height=\"778\" srcset=\"https:\/\/latitudtango.com\/wp-content\/uploads\/2018\/09\/17620159_1873986669540012_2580630770389721373_o-e1539712554823.jpg 998w, https:\/\/latitudtango.com\/wp-content\/uploads\/2018\/09\/17620159_1873986669540012_2580630770389721373_o-e1539712554823-300x234.jpg 300w, https:\/\/latitudtango.com\/wp-content\/uploads\/2018\/09\/17620159_1873986669540012_2580630770389721373_o-e1539712554823-768x599.jpg 768w\" sizes=\"(max-width: 998px) 100vw, 998px\" title=\"17620159_1873986669540012_2580630770389721373_o\" alt=\"\" \t\tclass=\"so-widget-image\"\/>\n\t<\/div>\n\n<\/div><\/div><div id=\"panel-3315-1-0-2\" class=\"so-panel widget widget_sow-editor panel-last-child\" data-index=\"3\" ><div\n\t\t\t\n\t\t\tclass=\"so-widget-sow-editor so-widget-sow-editor-base\"\n\t\t\t\n\t\t>\n<div class=\"siteorigin-widget-tinymce textwidget\">\n\t<h3>The traditional set up<\/h3>\n<p>The Typical Orchestra is the traditional set up of Argentine tango. It consists of a piano, a double bass, a section of 3-5 bandoneon (or more) and another section with the same number of violins, there may also be a viola and a cello.<br \/>\nThis set up began in the 30s and remains to this day. Deeply linked to the dance evolved as demand for dancers and through the talent and creativity of the arrangers and directors. Every single arranger and director has developed its own personal characteristics and his orchestra has contributed with a particular style.<br \/>\nThe Orquesta T\u00edpica remains today as privileged expression of tango dance halls and also in concerts.<br \/>\nWe encourage to study some of these styles (Di Sarli, Pugliese, D'Agostino, Gobbi, Troilo and Piazzolla).<br \/>\nAll the arrangements can be adapted as needed, the technical level of the students. Scores will be sent well in advance along with a recording of the same to facilitate the study of the student. The course consists of 20 classes of 2hs each.<br \/>\nThis training is open to amateur musicians with an acceptable technical and reading training, semi-professional musicians or professionals who want to be trained in this genre.<\/p>\n<h4>The summoned instruments are:<\/h4>\n<div class=\"tx-col-1-2\">\n<ul>\n<li>Violi<\/li>\n<li>Viola<\/li>\n<li>Violoncel<\/li>\n<\/ul>\n<\/div>\n<div class=\"tx-col-1-2\">\n<ul>\n<li>Double-Bass<\/li>\n<li>Bandoneon<\/li>\n<li>Piano<\/li>\n<\/ul>\n<\/div>\n<p>&nbsp;<\/p>\n<p>During the course there will be concerts to expose the work done.<\/p>\n<\/div>\n<\/div><\/div><\/div><div id=\"pgc-3315-1-1\"  class=\"panel-grid-cell\" ><div id=\"panel-3315-1-1-0\" class=\"so-panel widget widget_sow-editor panel-first-child\" data-index=\"4\" ><div id=\"combo\" class=\"panel-widget-style panel-widget-style-for-3315-1-1-0\" ><div\n\t\t\t\n\t\t\tclass=\"so-widget-sow-editor so-widget-sow-editor-base\"\n\t\t\t\n\t\t>\n<div class=\"siteorigin-widget-tinymce textwidget\">\n\t<\/p>\n<h2>The combo<\/h2>\n<div class=\"tx-divider clearfix\" style=\"margin-top: 1px;margin-bottom: 1px\"><\/div>\n<\/div>\n<\/div><\/div><\/div><div id=\"panel-3315-1-1-1\" class=\"so-panel widget widget_sow-image\" data-index=\"5\" ><div\n\t\t\t\n\t\t\tclass=\"so-widget-sow-image so-widget-sow-image-default-8b5b6f678277-3315\"\n\t\t\t\n\t\t>\n<div class=\"sow-image-container\">\n\t\t<img \n\tsrc=\"https:\/\/latitudtango.com\/wp-content\/uploads\/2018\/09\/278634_10150259125497933_1747796_o-e1539712209366.jpg\" width=\"1001\" height=\"780\" srcset=\"https:\/\/latitudtango.com\/wp-content\/uploads\/2018\/09\/278634_10150259125497933_1747796_o-e1539712209366.jpg 1001w, https:\/\/latitudtango.com\/wp-content\/uploads\/2018\/09\/278634_10150259125497933_1747796_o-e1539712209366-300x234.jpg 300w, https:\/\/latitudtango.com\/wp-content\/uploads\/2018\/09\/278634_10150259125497933_1747796_o-e1539712209366-768x598.jpg 768w\" sizes=\"(max-width: 1001px) 100vw, 1001px\" title=\"278634_10150259125497933_1747796_o\" alt=\"\" \t\tclass=\"so-widget-image\"\/>\n\t<\/div>\n\n<\/div><\/div><div id=\"panel-3315-1-1-2\" class=\"so-panel widget widget_sow-editor panel-last-child\" data-index=\"6\" ><div\n\t\t\t\n\t\t\tclass=\"so-widget-sow-editor so-widget-sow-editor-base\"\n\t\t\t\n\t\t>\n<div class=\"siteorigin-widget-tinymce textwidget\">\n\t<h3>What is the Tango Combo?<\/h3>\n<p>The Tango Combo is another creation of the association \"Latitud tango\" to train musicians -professionals or amateurs- interested in learning tango's own style.<br \/>\nIt is one of the typical tango formations: 4, 5 or 6 musicians (bandoneon, piano, guitar, violin, double bass, electric bass, fl ue, etc ...) go through the tango repertoire. These formations, smaller than the Orchestra-typical, became very popular from the 60s, since then and until today are a very important part of the history of tango.<\/p>\n<h3>How is it organized?<\/h3>\n<p>The course consists of 10 classes of 2hs each. The arrangements are made \"to measure\" of the participants: taking into account their technical level, reading, prior knowledge or not of the style, etc. Thus, from the practice you learn the style of tango with its differential features: rhythms, scratches, phrases, articulations, etc.<\/p>\n<h3>Who can participate?<\/h3>\n<p>The musicians - professionals or amateurs - who want to learn the style of tango. One or more groups will be formed depending on the number and level of the enrollees. There will be a previous interview to know the level of the participants and thus create homogeneous groups.<\/p>\n<h4>Instruments called<\/h4>\n<div class=\"tx-col-1-2\">\n<ul>\n<li>Piano<\/li>\n<li>Guitar<\/li>\n<li>Flute<\/li>\n<li>Bandone\u00f3n<\/li>\n<li>Double bass<\/li>\n<\/ul>\n<\/div>\n<div class=\"tx-col-1-2\">\n<ul>\n<li>Clarinet<\/li>\n<li>Electric bass<\/li>\n<li>Viol\u00edn<\/li>\n<li>Viola<\/li>\n<\/ul>\n<\/div>\n<p>(ask for other instruments)<\/p>\n<p>During the course concerts will be held to expose the work done.<\/p>\n<\/div>\n<\/div><\/div><\/div><div id=\"pgc-3315-1-2\"  class=\"panel-grid-cell\" ><div id=\"panel-3315-1-2-0\" class=\"so-panel widget widget_sow-editor panel-first-child\" data-index=\"7\" ><div id=\"guitarres\" class=\"panel-widget-style panel-widget-style-for-3315-1-2-0\" ><div\n\t\t\t\n\t\t\tclass=\"so-widget-sow-editor so-widget-sow-editor-base\"\n\t\t\t\n\t\t>\n<div class=\"siteorigin-widget-tinymce textwidget\">\n\t<\/p>\n<h2>Grup of guitars<\/h2>\n<div class=\"tx-divider clearfix\" style=\"margin-top: 1px;margin-bottom: 1px\"><\/div>\n<\/div>\n<\/div><\/div><\/div><div id=\"panel-3315-1-2-1\" class=\"so-panel widget widget_sow-image\" data-index=\"8\" ><div\n\t\t\t\n\t\t\tclass=\"so-widget-sow-image so-widget-sow-image-default-8b5b6f678277-3315\"\n\t\t\t\n\t\t>\n<div class=\"sow-image-container\">\n\t\t<img \n\tsrc=\"https:\/\/latitudtango.com\/wp-content\/uploads\/2018\/09\/10960255_924173860956548_2160126613479324644_o.jpg\" width=\"1280\" height=\"956\" srcset=\"https:\/\/latitudtango.com\/wp-content\/uploads\/2018\/09\/10960255_924173860956548_2160126613479324644_o.jpg 1280w, https:\/\/latitudtango.com\/wp-content\/uploads\/2018\/09\/10960255_924173860956548_2160126613479324644_o-300x224.jpg 300w, https:\/\/latitudtango.com\/wp-content\/uploads\/2018\/09\/10960255_924173860956548_2160126613479324644_o-768x574.jpg 768w, https:\/\/latitudtango.com\/wp-content\/uploads\/2018\/09\/10960255_924173860956548_2160126613479324644_o-1024x765.jpg 1024w\" sizes=\"(max-width: 1280px) 100vw, 1280px\" alt=\"\" \t\tclass=\"so-widget-image\"\/>\n\t<\/div>\n\n<\/div><\/div><div id=\"panel-3315-1-2-2\" class=\"so-panel widget widget_sow-editor panel-last-child\" data-index=\"9\" ><div\n\t\t\t\n\t\t\tclass=\"so-widget-sow-editor so-widget-sow-editor-base\"\n\t\t\t\n\t\t>\n<div class=\"siteorigin-widget-tinymce textwidget\">\n\t<p>This is a typical line up in tango's history, three and up to five guitars can be part of the group, Singer and\/or double bass can be added too.<\/p>\n<h3>What is the guitar group?<\/h3>\n<p>The course consists of 20 classes of 2hs each. The arrangements are made \"to measure\" of the participants: taking into account their technical level, reading, prior knowledge or not of style, etc ... Thus, from practice you learn the style of tango with its differential features: rhythms, scratches, phrasings, articulations, etc ... How is it organized?<br \/>\nThe guitarists -professionals or amateurs- who want to learn the style of tango. One or more groups will be formed depending on the number and level of the enrollees. There will be a preliminary interview to know the level of the participants and thus create homogeneous groups.<br \/>\nDuring the course there will be concerts to expose the work done.<\/p>\n<\/div>\n<\/div><\/div><\/div><\/div><div id=\"pg-3315-2\"  class=\"panel-grid panel-no-style\" ><div id=\"pgc-3315-2-0\"  class=\"panel-grid-cell\" ><div id=\"panel-3315-2-0-0\" class=\"so-panel widget widget_sow-editor panel-first-child\" data-index=\"10\" ><div id=\"harmonia\" class=\"panel-widget-style panel-widget-style-for-3315-2-0-0\" ><div\n\t\t\t\n\t\t\tclass=\"so-widget-sow-editor so-widget-sow-editor-base\"\n\t\t\t\n\t\t>\n<div class=\"siteorigin-widget-tinymce textwidget\">\n\t<\/p>\n<h2>Harmony<\/h2>\n<div class=\"tx-divider clearfix\" style=\"margin-top: 1px;margin-bottom: 1px\"><\/div>\n<\/div>\n<\/div><\/div><\/div><div id=\"panel-3315-2-0-1\" class=\"so-panel widget widget_sow-image\" data-index=\"11\" ><div\n\t\t\t\n\t\t\tclass=\"so-widget-sow-image so-widget-sow-image-default-8b5b6f678277-3315\"\n\t\t\t\n\t\t>\n<div class=\"sow-image-container\">\n\t\t<img \n\tsrc=\"https:\/\/latitudtango.com\/wp-content\/uploads\/2018\/10\/piano.jpg\" width=\"800\" height=\"771\" srcset=\"https:\/\/latitudtango.com\/wp-content\/uploads\/2018\/10\/piano.jpg 800w, https:\/\/latitudtango.com\/wp-content\/uploads\/2018\/10\/piano-300x289.jpg 300w, https:\/\/latitudtango.com\/wp-content\/uploads\/2018\/10\/piano-768x740.jpg 768w\" sizes=\"(max-width: 800px) 100vw, 800px\" alt=\"\" \t\tclass=\"so-widget-image\"\/>\n\t<\/div>\n\n<\/div><\/div><div id=\"panel-3315-2-0-2\" class=\"so-panel widget widget_sow-editor panel-last-child\" data-index=\"12\" ><div\n\t\t\t\n\t\t\tclass=\"so-widget-sow-editor so-widget-sow-editor-base\"\n\t\t\t\n\t\t>\n<div class=\"siteorigin-widget-tinymce textwidget\">\n\t<h3>Harmony of the tango<\/h3>\n<p>The intention of this subject is to provide students, in addition to a basic knowledge of musical language, the keys to understand the style of tango and get to interpret it correctly.<\/p>\n<\/div>\n<\/div><\/div><\/div><div id=\"pgc-3315-2-1\"  class=\"panel-grid-cell\" ><div id=\"panel-3315-2-1-0\" class=\"so-panel widget widget_sow-editor panel-first-child\" data-index=\"13\" ><div id=\"cant\" class=\"panel-widget-style panel-widget-style-for-3315-2-1-0\" ><div\n\t\t\t\n\t\t\tclass=\"so-widget-sow-editor so-widget-sow-editor-base\"\n\t\t\t\n\t\t>\n<div class=\"siteorigin-widget-tinymce textwidget\">\n\t<\/p>\n<h2>Singing<\/h2>\n<div class=\"tx-divider clearfix\" style=\"margin-top: 1px;margin-bottom: 1px\"><\/div>\n<\/div>\n<\/div><\/div><\/div><div id=\"panel-3315-2-1-1\" class=\"so-panel widget widget_sow-image\" data-index=\"14\" ><div\n\t\t\t\n\t\t\tclass=\"so-widget-sow-image so-widget-sow-image-default-8b5b6f678277-3315\"\n\t\t\t\n\t\t>\n<div class=\"sow-image-container\">\n\t\t<img \n\tsrc=\"https:\/\/latitudtango.com\/wp-content\/uploads\/2018\/09\/10150779_753134898060446_1363748980928941635_n.jpg\" width=\"960\" height=\"640\" srcset=\"https:\/\/latitudtango.com\/wp-content\/uploads\/2018\/09\/10150779_753134898060446_1363748980928941635_n.jpg 960w, https:\/\/latitudtango.com\/wp-content\/uploads\/2018\/09\/10150779_753134898060446_1363748980928941635_n-300x200.jpg 300w, https:\/\/latitudtango.com\/wp-content\/uploads\/2018\/09\/10150779_753134898060446_1363748980928941635_n-768x512.jpg 768w, https:\/\/latitudtango.com\/wp-content\/uploads\/2018\/09\/10150779_753134898060446_1363748980928941635_n-272x182.jpg 272w\" sizes=\"(max-width: 960px) 100vw, 960px\" alt=\"\" \t\tclass=\"so-widget-image\"\/>\n\t<\/div>\n\n<\/div><\/div><div id=\"panel-3315-2-1-2\" class=\"so-panel widget widget_sow-editor panel-last-child\" data-index=\"15\" ><div\n\t\t\t\n\t\t\tclass=\"so-widget-sow-editor so-widget-sow-editor-base\"\n\t\t\t\n\t\t>\n<div class=\"siteorigin-widget-tinymce textwidget\">\n\t<h3>Sing tango<\/h3>\n<p>The objective of the course is to train the student to develop as a singer in tango. It seeks to internalize the lyrics and enjoy the pleasure of producing a tango; The classes last 60 minutes and are aimed at beginners, initiates and professional singers. During the course, apart from the private classes they will also sing along with the Tango Orchestra of Barcelona or a Tango Latitude Combo, a unique experience for learning.<\/p>\n<\/div>\n<\/div><\/div><\/div><div id=\"pgc-3315-2-2\"  class=\"panel-grid-cell\" ><div id=\"panel-3315-2-2-0\" class=\"so-panel widget widget_sow-editor panel-first-child\" data-index=\"16\" ><div id=\"seminaris\" class=\"panel-widget-style panel-widget-style-for-3315-2-2-0\" ><div\n\t\t\t\n\t\t\tclass=\"so-widget-sow-editor so-widget-sow-editor-base\"\n\t\t\t\n\t\t>\n<div class=\"siteorigin-widget-tinymce textwidget\">\n\t<\/p>\n<h2>Special seminars<\/h2>\n<div class=\"tx-divider clearfix\" style=\"margin-top: 1px;margin-bottom: 1px\"><\/div>\n<\/div>\n<\/div><\/div><\/div><div id=\"panel-3315-2-2-1\" class=\"so-panel widget widget_sow-image\" data-index=\"17\" ><div\n\t\t\t\n\t\t\tclass=\"so-widget-sow-image so-widget-sow-image-default-8b5b6f678277-3315\"\n\t\t\t\n\t\t>\n<div class=\"sow-image-container\">\n\t\t<img \n\tsrc=\"https:\/\/latitudtango.com\/wp-content\/uploads\/2018\/09\/bandoneon1-1.jpg\" width=\"450\" height=\"346\" srcset=\"https:\/\/latitudtango.com\/wp-content\/uploads\/2018\/09\/bandoneon1-1.jpg 450w, https:\/\/latitudtango.com\/wp-content\/uploads\/2018\/09\/bandoneon1-1-300x231.jpg 300w\" sizes=\"(max-width: 450px) 100vw, 450px\" title=\"bandoneon1\" alt=\"\" \t\tclass=\"so-widget-image\"\/>\n\t<\/div>\n\n<\/div><\/div><div id=\"panel-3315-2-2-2\" class=\"so-panel widget widget_sow-editor panel-last-child\" data-index=\"18\" ><div\n\t\t\t\n\t\t\tclass=\"so-widget-sow-editor so-widget-sow-editor-base\"\n\t\t\t\n\t\t>\n<div class=\"siteorigin-widget-tinymce textwidget\">\n\t<h3>Special seminars<\/h3>\n<p>The seminars are special classes of short duration (one, two or three days).<br \/>\nIn them you will be able to more specifically understand the functionality of each one of the arts (Music, Dance, Production, history) within the tango genre.<\/p>\n<p>As they are of short duration, these seminars will be given throughout the year, being able to register at any time of the same.<\/p>\n<p>To receive more information about each seminar you can write to us by contact.<\/p>\n<\/div>\n<\/div><\/div><\/div><\/div><div id=\"pg-3315-3\"  class=\"panel-grid panel-no-style\" ><div id=\"pgc-3315-3-0\"  class=\"panel-grid-cell\" ><div id=\"panel-3315-3-0-0\" class=\"so-panel widget widget_sow-image panel-first-child panel-last-child\" data-index=\"19\" ><div id=\"arranjaments\" class=\"panel-widget-style panel-widget-style-for-3315-3-0-0\" ><div\n\t\t\t\n\t\t\tclass=\"so-widget-sow-image so-widget-sow-image-default-8b5b6f678277-3315\"\n\t\t\t\n\t\t>\n<div class=\"sow-image-container\">\n\t\t<img \n\tsrc=\"https:\/\/latitudtango.com\/wp-content\/uploads\/2018\/10\/paper2.png\" width=\"570\" height=\"378\" srcset=\"https:\/\/latitudtango.com\/wp-content\/uploads\/2018\/10\/paper2.png 570w, https:\/\/latitudtango.com\/wp-content\/uploads\/2018\/10\/paper2-300x199.png 300w\" sizes=\"(max-width: 570px) 100vw, 570px\" alt=\"\" \t\tclass=\"so-widget-image\"\/>\n\t<\/div>\n\n<\/div><\/div><\/div><\/div><div id=\"pgc-3315-3-1\"  class=\"panel-grid-cell\" ><div id=\"panel-3315-3-1-0\" class=\"so-panel widget widget_sow-editor panel-first-child\" data-index=\"20\" ><div\n\t\t\t\n\t\t\tclass=\"so-widget-sow-editor so-widget-sow-editor-base\"\n\t\t\t\n\t\t>\n<div class=\"siteorigin-widget-tinymce textwidget\">\n\t<h2>Arrangements<\/h2>\n<div class=\"tx-divider clearfix\" style=\"margin-top: 1px;margin-bottom: 1px\"><\/div>\n<\/div>\n<\/div><\/div><div id=\"panel-3315-3-1-1\" class=\"so-panel widget widget_sow-editor panel-last-child\" data-index=\"21\" ><div\n\t\t\t\n\t\t\tclass=\"so-widget-sow-editor so-widget-sow-editor-base\"\n\t\t\t\n\t\t>\n<div class=\"siteorigin-widget-tinymce textwidget\">\n\t<h3>Course of initiation to the tango arrangement<\/h3>\n<p>Objectives: The course aims to give the basic fundamentals for, from a melody and its harmonic cipher, to develop a more or less simple arrangement for varied formations (duos, trios, quartets, etc.)<\/p>\n<h4>Requirements:<\/h4>\n<ul>\n<li>Read in the sun and fa keys.<\/li>\n<li>Knowledge of the encryption.<\/li>\n<\/ul>\n<p><em> This course will be based on melodies with a given encryption so that a minimum knowledge of harmony is sufficient. <\/em><\/p>\n<h4>Content:<\/h4>\n<ul>\n<li><strong> Accompaniment:<\/strong> Rhythmic models. Basic style harmony.<\/li>\n<li><strong> Melody:<\/strong> Connected or rhythmic character. Joints Density Secondary melodies.<\/li>\n<li><strong> Link passages:<\/strong> rhythmic and \/ or melodic.<\/li>\n<li><strong>Orchestration:<\/strong> functionality of each instrument in the ensemble.<\/li>\n<\/ul>\n<p><em> In all cases, it will work on examples (recordings, original scores, etc.) of the great creators of the genre and with a quick practical application in the work of the students. <\/em><\/p>\n<p><em> If you are interested, contact us! <\/em><\/p>\n<\/div>\n<\/div><\/div><\/div><\/div><div id=\"pg-3315-4\"  class=\"panel-grid panel-no-style\" ><div id=\"pgc-3315-4-0\"  class=\"panel-grid-cell\" ><div id=\"panel-3315-4-0-0\" class=\"so-panel widget widget_sow-image panel-first-child panel-last-child\" data-index=\"22\" ><div id=\"arranjaments\" class=\"panel-widget-style panel-widget-style-for-3315-4-0-0\" ><div\n\t\t\t\n\t\t\tclass=\"so-widget-sow-image so-widget-sow-image-default-8b5b6f678277-3315\"\n\t\t\t\n\t\t>\n<div class=\"sow-image-container\">\n\t\t<img \n\tsrc=\"https:\/\/latitudtango.com\/wp-content\/uploads\/2019\/06\/DOUBLE_BASS.png\" width=\"381\" height=\"600\" srcset=\"https:\/\/latitudtango.com\/wp-content\/uploads\/2019\/06\/DOUBLE_BASS.png 381w, https:\/\/latitudtango.com\/wp-content\/uploads\/2019\/06\/DOUBLE_BASS-191x300.png 191w\" sizes=\"(max-width: 381px) 100vw, 381px\" alt=\"\" \t\tclass=\"so-widget-image\"\/>\n\t<\/div>\n\n<\/div><\/div><\/div><\/div><div id=\"pgc-3315-4-1\"  class=\"panel-grid-cell\" ><div id=\"panel-3315-4-1-0\" class=\"so-panel widget widget_sow-editor panel-first-child\" data-index=\"23\" ><div\n\t\t\t\n\t\t\tclass=\"so-widget-sow-editor so-widget-sow-editor-base\"\n\t\t\t\n\t\t>\n<div class=\"siteorigin-widget-tinymce textwidget\">\n\t<h2>SEMINARIO \u00b7 EL CONTRABAJO EN EL TANGO<\/h2>\n<div class=\"tx-divider clearfix\" style=\"margin-top: 1px;margin-bottom: 1px\"><\/div>\n<\/div>\n<\/div><\/div><div id=\"panel-3315-4-1-1\" class=\"so-panel widget widget_sow-editor panel-last-child\" data-index=\"24\" ><div\n\t\t\t\n\t\t\tclass=\"so-widget-sow-editor so-widget-sow-editor-base\"\n\t\t\t\n\t\t>\n<div class=\"siteorigin-widget-tinymce textwidget\">\n\t<h3>Introducci\u00f3n al estilo.<\/h3>\n<p>En este seminario\/taller de tres horas introduciremos a los alumnos en la pr\u00e1ctica del tango en la especialidad de contrabajo. La funci\u00f3n del instrumento dentro de la orquesta t\u00edpica y los diferentes conjuntos y los rudimentos b\u00e1sicos de las t\u00e9cnicas espec\u00edficas del tango. Se dar\u00e1 un repaso b\u00e1sico por los diferentes estilos de las orquestas m\u00e1s significativas centrando la atenci\u00f3n en las maneras de acompa\u00f1ar de cada una de ellas.<\/p>\n<h3>T\u00e9cnicas.<\/h3>\n<h4>Modelos de marcaci\u00f3n. (con arco)<\/h4>\n<ul>\n<li>Marcato en 4<br \/>\nMarcato en 2<\/li>\n<\/ul>\n<h3>Yumba<\/h3>\n<ul>\n<li>S\u00edncopa anticipada<\/li>\n<li>S\u00edncopa a tierra<\/li>\n<li>S\u00edncopas sucesivas<\/li>\n<\/ul>\n<h4>Pizzicato<\/h4>\n<ul>\n<li>Con empuje<\/li>\n<li>Enganchado<\/li>\n<li>Orquestal<\/li>\n<\/ul>\n<h4>Arrastres<\/h4>\n<ul>\n<li>Arrastre con arco<\/li>\n<li>Arrastre con dedo<\/li>\n<\/ul>\n<h4>Efectos de Percusi\u00f3n<\/h4>\n<ul>\n<li>Strappata<\/li>\n<li>Caja<\/li>\n<li>Tambor<\/li>\n<li>Chasquido<\/li>\n<li>Silbido<\/li>\n<\/ul>\n<h4>Milonga y Vals<\/h4>\n<ul>\n<li>Milonga Urbana (o ciudadana)<\/li>\n<li>Milonga Campera<\/li>\n<li>Vals<\/li>\n<\/ul>\n<\/div>\n<\/div><\/div><\/div><\/div><\/div>","protected":false},"excerpt":{"rendered":"<p>The school courses We offer courses for arrangements for tango, singing courses, tango guitar courses and also has created two smaller groups consisting of five members, the &#8220;quintet.&#8221; The association is open<\/p>\n<a class=\"moretag noptoppad\" href=\"https:\/\/latitudtango.com\/en\/loscursos\/\">Read More...<\/a>","protected":false},"author":1,"featured_media":0,"parent":0,"menu_order":0,"comment_status":"closed","ping_status":"closed","template":"","meta":{"ngg_post_thumbnail":0,"footnotes":""},"_links":{"self":[{"href":"https:\/\/latitudtango.com\/en\/wp-json\/wp\/v2\/pages\/3315"}],"collection":[{"href":"https:\/\/latitudtango.com\/en\/wp-json\/wp\/v2\/pages"}],"about":[{"href":"https:\/\/latitudtango.com\/en\/wp-json\/wp\/v2\/types\/page"}],"author":[{"embeddable":true,"href":"https:\/\/latitudtango.com\/en\/wp-json\/wp\/v2\/users\/1"}],"replies":[{"embeddable":true,"href":"https:\/\/latitudtango.com\/en\/wp-json\/wp\/v2\/comments?post=3315"}],"version-history":[{"count":208,"href":"https:\/\/latitudtango.com\/en\/wp-json\/wp\/v2\/pages\/3315\/revisions"}],"predecessor-version":[{"id":4037,"href":"https:\/\/latitudtango.com\/en\/wp-json\/wp\/v2\/pages\/3315\/revisions\/4037"}],"wp:attachment":[{"href":"https:\/\/latitudtango.com\/en\/wp-json\/wp\/v2\/media?parent=3315"}],"curies":[{"name":"wp","href":"https:\/\/api.w.org\/{rel}","templated":true}]}}